{"id":13691,"date":"2024-06-23T09:45:08","date_gmt":"2024-06-23T08:45:08","guid":{"rendered":"https:\/\/krakowbiega.pl\/?page_id=13691"},"modified":"2024-06-23T09:45:08","modified_gmt":"2024-06-23T08:45:08","slug":"biuro-zawodow-i-centrum-zawodow","status":"publish","type":"page","link":"https:\/\/krakowbiega.pl\/?page_id=13691","title":{"rendered":"Biuro zawod\u00f3w i centrum zawod\u00f3w"},"content":{"rendered":"\n<p>Biuro zawod\u00f3w Biegu Nocnego b\u0119dzie czynne tylko i wy\u0142\u0105cznie w sobot\u0119 (29.06.2024), ruszamy od godziny 19:30.<\/p>\n\n\n\n<p>Przypominamy r\u00f3wnie\u017c, \u017ce baza biegu (start, meta, biuro zawod\u00f3w, depozyt) zlokalizowana b\u0119dzie na parkingu przy ulicy Kuku\u0142czej. (Nie organizujemy dodatkowego biura w Szkole Podstawowej przy alei Modrzewiowej.) Liczymy na wsp\u00f3ln\u0105 integracj\u0119 i doskona\u0142\u0105 atmosfer\u0119!<\/p>\n\n\n\n<figure class=\"wp-block-image alignleft size-full is-resized\"><img loading=\"lazy\" decoding=\"async\" src=\"https:\/\/krakowbiega.pl\/wp-content\/uploads\/2024\/06\/biuro-zawodow-1.png\" alt=\"\" class=\"wp-image-13692\" width=\"500\" height=\"500\" srcset=\"https:\/\/krakowbiega.pl\/wp-content\/uploads\/2024\/06\/biuro-zawodow-1.png 750w, https:\/\/krakowbiega.pl\/wp-content\/uploads\/2024\/06\/biuro-zawodow-1-300x300.png 300w, https:\/\/krakowbiega.pl\/wp-content\/uploads\/2024\/06\/biuro-zawodow-1-150x150.png 150w\" sizes=\"auto, (max-width: 500px) 100vw, 500px\" \/><\/figure>\n","protected":false},"excerpt":{"rendered":"<p>Biuro zawod\u00f3w Biegu Nocnego b\u0119dzie czynne tylko i wy\u0142\u0105cznie w sobot\u0119 (29.06.2024), ruszamy od godziny 19:30. Przypominamy r\u00f3wnie\u017c, \u017ce baza [&hellip;]<\/p>\n","protected":false},"author":2,"featured_media":0,"parent":0,"menu_order":0,"comment_status":"closed","ping_status":"closed","template":"","meta":{"_uag_custom_page_level_css":"","site-sidebar-layout":"default","site-content-layout":"","ast-site-content-layout":"default","site-content-style":"default","site-sidebar-style":"default","ast-global-header-display":"","ast-banner-title-visibility":"","ast-main-header-display":"","ast-hfb-above-header-display":"","ast-hfb-below-header-display":"","ast-hfb-mobile-header-display":"","site-post-title":"","ast-breadcrumbs-content":"","ast-featured-img":"","footer-sml-layout":"","ast-disable-related-posts":"","theme-transparent-header-meta":"","adv-header-id-meta":"","stick-header-meta":"","header-above-stick-meta":"","header-main-stick-meta":"","header-below-stick-meta":"","astra-migrate-meta-layouts":"default","ast-page-background-enabled":"default","ast-page-background-meta":{"desktop":{"background-color":"var(--ast-global-color-4)","background-image":"","background-repeat":"repeat","background-position":"center center","background-size":"auto","background-attachment":"scroll","background-type":"","background-media":"","overlay-type":"","overlay-color":"","overlay-opacity":"","overlay-gradient":""},"tablet":{"background-color":"","background-image":"","background-repeat":"repeat","background-position":"center center","background-size":"auto","background-attachment":"scroll","background-type":"","background-media":"","overlay-type":"","overlay-color":"","overlay-opacity":"","overlay-gradient":""},"mobile":{"background-color":"","background-image":"","background-repeat":"repeat","background-position":"center center","background-size":"auto","background-attachment":"scroll","background-type":"","background-media":"","overlay-type":"","overlay-color":"","overlay-opacity":"","overlay-gradient":""}},"ast-content-background-meta":{"desktop":{"background-color":"var(--ast-global-color-5)","background-image":"","background-repeat":"repeat","background-position":"center center","background-size":"auto","background-attachment":"scroll","background-type":"","background-media":"","overlay-type":"","overlay-color":"","overlay-opacity":"","overlay-gradient":""},"tablet":{"background-color":"var(--ast-global-color-5)","background-image":"","background-repeat":"repeat","background-position":"center center","background-size":"auto","background-attachment":"scroll","background-type":"","background-media":"","overlay-type":"","overlay-color":"","overlay-opacity":"","overlay-gradient":""},"mobile":{"background-color":"var(--ast-global-color-5)","background-image":"","background-repeat":"repeat","background-position":"center center","background-size":"auto","background-attachment":"scroll","background-type":"","background-media":"","overlay-type":"","overlay-color":"","overlay-opacity":"","overlay-gradient":""}},"footnotes":""},"class_list":["post-13691","page","type-page","status-publish","hentry"],"uagb_featured_image_src":{"full":false,"thumbnail":false,"medium":false,"medium_large":false,"large":false,"1536x1536":false,"2048x2048":false,"New Image Size":false},"uagb_author_info":{"display_name":"M.Garbacik","author_link":"https:\/\/krakowbiega.pl\/?author=2"},"uagb_comment_info":0,"uagb_excerpt":"Biuro zawod\u00f3w Biegu Nocnego b\u0119dzie czynne tylko i wy\u0142\u0105cznie w sobot\u0119 (29.06.2024), ruszamy od godziny 19:30. Przypominamy r\u00f3wnie\u017c, \u017ce baza [&hellip;]","_links":{"self":[{"href":"https:\/\/krakowbiega.pl\/index.php?rest_route=\/wp\/v2\/pages\/13691","targetHints":{"allow":["GET"]}}],"collection":[{"href":"https:\/\/krakowbiega.pl\/index.php?rest_route=\/wp\/v2\/pages"}],"about":[{"href":"https:\/\/krakowbiega.pl\/index.php?rest_route=\/wp\/v2\/types\/page"}],"author":[{"embeddable":true,"href":"https:\/\/krakowbiega.pl\/index.php?rest_route=\/wp\/v2\/users\/2"}],"replies":[{"embeddable":true,"href":"https:\/\/krakowbiega.pl\/index.php?rest_route=%2Fwp%2Fv2%2Fcomments&post=13691"}],"version-history":[{"count":1,"href":"https:\/\/krakowbiega.pl\/index.php?rest_route=\/wp\/v2\/pages\/13691\/revisions"}],"predecessor-version":[{"id":13693,"href":"https:\/\/krakowbiega.pl\/index.php?rest_route=\/wp\/v2\/pages\/13691\/revisions\/13693"}],"wp:attachment":[{"href":"https:\/\/krakowbiega.pl\/index.php?rest_route=%2Fwp%2Fv2%2Fmedia&parent=13691"}],"curies":[{"name":"wp","href":"https:\/\/api.w.org\/{rel}","templated":true}]}}