{"id":1374,"date":"2017-11-26T14:01:19","date_gmt":"2017-11-26T14:01:19","guid":{"rendered":"http:\/\/krakowbiega.pl\/?page_id=1374"},"modified":"2026-03-11T21:16:47","modified_gmt":"2026-03-11T20:16:47","slug":"klasyfikacja-wszechczasow","status":"publish","type":"page","link":"https:\/\/krakowbiega.pl\/?page_id=1374","title":{"rendered":"Klasyfikacja wszech czas\u00f3w"},"content":{"rendered":"\n<p>Klasyfikacja wszech czas\u00f3w po 77 biegach! Wszyscy zawodnicy z pierwszej dwudziestki wszech czas\u00f3w na koniec cyklu otrzymuj\u0105 bezp\u0142atny karnet na kolejn\u0105 edycj\u0119. Mamy nadziej\u0119 do zobaczenia!<\/p>\n\n\n\n<p><\/p>\n\n\n\n<figure class=\"wp-block-table\"><table><tbody><tr><td>1<\/td><td>Krzysztof<\/td><td>Bodurka<\/td><td class=\"has-text-align-center\" data-align=\"center\">24<\/td><td class=\"has-text-align-center\" data-align=\"center\">7<\/td><td class=\"has-text-align-center\" data-align=\"center\">3<\/td><td class=\"has-text-align-center\" data-align=\"center\">34<\/td><\/tr><tr><td>2<\/td><td>Micha\u0142<\/td><td>Kaczmarek<\/td><td class=\"has-text-align-center\" data-align=\"center\">23<\/td><td class=\"has-text-align-center\" data-align=\"center\">23<\/td><td class=\"has-text-align-center\" data-align=\"center\">11<\/td><td class=\"has-text-align-center\" data-align=\"center\">57<\/td><\/tr><tr><td>3<\/td><td>Maja<\/td><td>W\u0105sik<\/td><td class=\"has-text-align-center\" data-align=\"center\">22<\/td><td class=\"has-text-align-center\" data-align=\"center\">6<\/td><td class=\"has-text-align-center\" data-align=\"center\">2<\/td><td class=\"has-text-align-center\" data-align=\"center\">30<\/td><\/tr><tr><td>4<\/td><td>Urszula<\/td><td>Paprocka<\/td><td class=\"has-text-align-center\" data-align=\"center\">18<\/td><td class=\"has-text-align-center\" data-align=\"center\">6<\/td><td class=\"has-text-align-center\" data-align=\"center\">2<\/td><td class=\"has-text-align-center\" data-align=\"center\">26<\/td><\/tr><tr><td>5<\/td><td>Dominik<\/td><td>Tabor<\/td><td class=\"has-text-align-center\" data-align=\"center\">17<\/td><td class=\"has-text-align-center\" data-align=\"center\">4<\/td><td class=\"has-text-align-center\" data-align=\"center\"><\/td><td class=\"has-text-align-center\" data-align=\"center\">21<\/td><\/tr><tr><td>6<\/td><td>Dominik<\/td><td>Grz\u0105dziel<\/td><td class=\"has-text-align-center\" data-align=\"center\">16<\/td><td class=\"has-text-align-center\" data-align=\"center\">6<\/td><td class=\"has-text-align-center\" data-align=\"center\">3<\/td><td class=\"has-text-align-center\" data-align=\"center\">25<\/td><\/tr><tr><td>7<\/td><td>Agnieszka<\/td><td>Cader<\/td><td class=\"has-text-align-center\" data-align=\"center\">15<\/td><td class=\"has-text-align-center\" data-align=\"center\">5<\/td><td class=\"has-text-align-center\" data-align=\"center\"><\/td><td class=\"has-text-align-center\" data-align=\"center\">20<\/td><\/tr><tr><td>8<\/td><td>Anna<\/td><td>Luty Legutko<\/td><td class=\"has-text-align-center\" data-align=\"center\">11<\/td><td class=\"has-text-align-center\" data-align=\"center\">4<\/td><td class=\"has-text-align-center\" data-align=\"center\">4<\/td><td class=\"has-text-align-center\" data-align=\"center\">19<\/td><\/tr><tr><td>9<\/td><td>Dariusz<\/td><td>Boro\u0144<\/td><td class=\"has-text-align-center\" data-align=\"center\">11<\/td><td class=\"has-text-align-center\" data-align=\"center\">3<\/td><td class=\"has-text-align-center\" data-align=\"center\">1<\/td><td class=\"has-text-align-center\" data-align=\"center\">15<\/td><\/tr><tr><td>10<\/td><td>Tomasz<\/td><td>Koczwara<\/td><td class=\"has-text-align-center\" data-align=\"center\">10<\/td><td class=\"has-text-align-center\" data-align=\"center\">18<\/td><td class=\"has-text-align-center\" data-align=\"center\">2<\/td><td class=\"has-text-align-center\" data-align=\"center\">30<\/td><\/tr><tr><td>11<\/td><td>Micha\u0142<\/td><td>Garbacik<\/td><td class=\"has-text-align-center\" data-align=\"center\">9<\/td><td class=\"has-text-align-center\" data-align=\"center\">3<\/td><td class=\"has-text-align-center\" data-align=\"center\">4<\/td><td class=\"has-text-align-center\" data-align=\"center\">16<\/td><\/tr><tr><td>12<\/td><td>Agnieszka<\/td><td>Tatarek-Konik<\/td><td class=\"has-text-align-center\" data-align=\"center\">9<\/td><td class=\"has-text-align-center\" data-align=\"center\">2<\/td><td class=\"has-text-align-center\" data-align=\"center\">1<\/td><td class=\"has-text-align-center\" data-align=\"center\">12<\/td><\/tr><tr><td>13<\/td><td>Angelika<\/td><td>Kaczmarek<\/td><td class=\"has-text-align-center\" data-align=\"center\">8<\/td><td class=\"has-text-align-center\" data-align=\"center\">17<\/td><td class=\"has-text-align-center\" data-align=\"center\">6<\/td><td class=\"has-text-align-center\" data-align=\"center\">31<\/td><\/tr><tr><td>14<\/td><td>Bart\u0142omiej<\/td><td>\u0141u\u017cny<\/td><td class=\"has-text-align-center\" data-align=\"center\">8<\/td><td class=\"has-text-align-center\" data-align=\"center\">6<\/td><td class=\"has-text-align-center\" data-align=\"center\">5<\/td><td class=\"has-text-align-center\" data-align=\"center\">18<\/td><\/tr><tr><td>15<\/td><td>Sylwia<\/td><td>Jab\u0142o\u0144ska<\/td><td class=\"has-text-align-center\" data-align=\"center\">8<\/td><td class=\"has-text-align-center\" data-align=\"center\">4<\/td><td class=\"has-text-align-center\" data-align=\"center\">1<\/td><td class=\"has-text-align-center\" data-align=\"center\">13<\/td><\/tr><tr><td>16<\/td><td>Katarzyna<\/td><td>Zych<\/td><td class=\"has-text-align-center\" data-align=\"center\">8<\/td><td class=\"has-text-align-center\" data-align=\"center\">2<\/td><td class=\"has-text-align-center\" data-align=\"center\">1<\/td><td class=\"has-text-align-center\" data-align=\"center\">11<\/td><\/tr><tr><td>16<\/td><td>Katarzyna<\/td><td>Soli\u0144ska<\/td><td class=\"has-text-align-center\" data-align=\"center\">8<\/td><td class=\"has-text-align-center\" data-align=\"center\">2<\/td><td class=\"has-text-align-center\" data-align=\"center\">1<\/td><td class=\"has-text-align-center\" data-align=\"center\">11<\/td><\/tr><tr><td>18<\/td><td>Dominik<\/td><td>Piwowarczyk<\/td><td class=\"has-text-align-center\" data-align=\"center\">7<\/td><td class=\"has-text-align-center\" data-align=\"center\">11<\/td><td class=\"has-text-align-center\" data-align=\"center\">7<\/td><td class=\"has-text-align-center\" data-align=\"center\">25<\/td><\/tr><tr><td>19<\/td><td>Sylwia<\/td><td>Byrska<\/td><td class=\"has-text-align-center\" data-align=\"center\">7<\/td><td class=\"has-text-align-center\" data-align=\"center\">8<\/td><td class=\"has-text-align-center\" data-align=\"center\">2<\/td><td class=\"has-text-align-center\" data-align=\"center\">17<\/td><\/tr><tr><td>20<\/td><td>Tomasz<\/td><td>Czarnota<\/td><td class=\"has-text-align-center\" data-align=\"center\">7<\/td><td class=\"has-text-align-center\" data-align=\"center\">6<\/td><td class=\"has-text-align-center\" data-align=\"center\">7<\/td><td class=\"has-text-align-center\" data-align=\"center\">20<\/td><\/tr><\/tbody><\/table><\/figure>\n\n\n\n<div class=\"wp-block-file\"><\/div>\n\n\n\n<p><a href=\"https:\/\/krakowbiega.pl\/wp-content\/uploads\/2026\/03\/klasyfikacja-wszech-czasow.pdf\" target=\"_blank\" rel=\"noreferrer noopener\"><strong><mark style=\"background-color:rgba(0, 0, 0, 0)\" class=\"has-inline-color has-ast-global-color-4-color\">klasyfikacja wszech czas\u00f3w<\/mark><\/strong><\/a><\/p>\n\n\n\n<p class=\"has-white-color has-text-color has-medium-font-size\"><span style=\"color: white; font-size: inherit;\">Zach\u0119camy r\u00f3wnie\u017c do zapoznania si\u0119 z klasyfikacj\u0105 wszech czas\u00f3w w ramach poszczeg\u00f3lnych dystans\u00f3w.<\/span><\/p>\n\n\n\n<p><a href=\"https:\/\/krakowbiega.pl\/wp-content\/uploads\/2026\/03\/klasyfikacja-wszech-czasow-Harda-Dwudziestka-Trojka-M.pdf\" target=\"_blank\" rel=\"noreferrer noopener\"><strong>klasyfikacja wszech czas\u00f3w Harda Dwudziestka Tr\u00f3jka M<\/strong><\/a><\/p>\n\n\n\n<p><a href=\"https:\/\/krakowbiega.pl\/wp-content\/uploads\/2026\/03\/klasyfikacja-wszech-czasow-Harcda-Dwudziestka-Trojka-K.pdf\" target=\"_blank\" rel=\"noreferrer noopener\"><strong>klasyfikacja wszech czas\u00f3w Harda Dwudziestka Tr\u00f3jka K<\/strong><\/a><\/p>\n\n\n\n<p><a href=\"https:\/\/krakowbiega.pl\/wp-content\/uploads\/2026\/03\/klasyfikacja-wszech-czasow-11-km-M.pdf\" target=\"_blank\" rel=\"noreferrer noopener\"><strong>klasyfikacja wszech czas\u00f3w 11 km M<\/strong><\/a><\/p>\n\n\n\n<p><a href=\"https:\/\/krakowbiega.pl\/wp-content\/uploads\/2026\/03\/klasyfikacja-wszech-czasow-11-km-K.pdf\" target=\"_blank\" rel=\"noreferrer noopener\"><strong>klasyfikacja wszech czas\u00f3w 11 km K<\/strong><\/a><\/p>\n\n\n\n<p><a href=\"https:\/\/krakowbiega.pl\/wp-content\/uploads\/2026\/03\/klasyfikacja-wszech-czasow-5-km-M.pdf\" target=\"_blank\" rel=\"noreferrer noopener\"><strong>klasyfikacja wszech czas\u00f3w 5 km M<\/strong><\/a><\/p>\n\n\n\n<p><a href=\"https:\/\/krakowbiega.pl\/wp-content\/uploads\/2026\/03\/klasyfikacja-wszech-czasow-5-km-K.pdf\" target=\"_blank\" rel=\"noreferrer noopener\"><strong>klasyfikacja wszech czas\u00f3w 5 km K<\/strong><\/a><\/p>\n\n\n\n<p><a href=\"https:\/\/krakowbiega.pl\/wp-content\/uploads\/2026\/03\/klasyfikacja-wszech-czasow-Przyjazna-Trojka-M.pdf\" target=\"_blank\" rel=\"noreferrer noopener\"><strong><mark style=\"background-color:rgba(0, 0, 0, 0)\" class=\"has-inline-color has-ast-global-color-4-color\">klasyfikacja wszech czas\u00f3w Przyjazna Tr\u00f3jka M<\/mark><\/strong><\/a><\/p>\n\n\n\n<p><a href=\"https:\/\/krakowbiega.pl\/wp-content\/uploads\/2026\/03\/klasyfikacja-wszech-czasow-Przyjazna-Trojka-K.pdf\" target=\"_blank\" rel=\"noreferrer noopener\"><strong><mark style=\"background-color:rgba(0, 0, 0, 0)\" class=\"has-inline-color has-ast-global-color-4-color\">klasyfikacja wszech czas\u00f3w Przyjazna Tr\u00f3jka K<\/mark><\/strong><\/a><\/p>\n\n\n\n<p><strong><mark style=\"background-color:rgba(0, 0, 0, 0)\" class=\"has-inline-color has-ast-global-color-4-color\"><a href=\"https:\/\/krakowbiega.pl\/wp-content\/uploads\/2026\/03\/klasyfikacja-wszech-czasow-Vertical-M.pdf\" target=\"_blank\" rel=\"noreferrer noopener\">klasyfikacja wszech czas\u00f3w Vertical M<\/a><\/mark><\/strong><\/p>\n\n\n\n<p><a href=\"https:\/\/krakowbiega.pl\/wp-content\/uploads\/2026\/03\/klasyfikacja-wszech-czasow-Vertical-K.pdf\" target=\"_blank\" rel=\"noreferrer noopener\"><strong><mark style=\"background-color:rgba(0, 0, 0, 0)\" class=\"has-inline-color has-ast-global-color-4-color\">klasyfikacja wszech czas\u00f3w Vertical K<\/mark><\/strong><\/a><\/p>\n\n\n\n<p><a href=\"https:\/\/krakowbiega.pl\/wp-content\/uploads\/2024\/03\/klasyfikacja-wszech-czasow-Ultra-GPK-M.pdf\" target=\"_blank\" rel=\"noreferrer noopener\">klasyfikacja wszech czas\u00f3w Ultra GPK M<\/a><\/p>\n\n\n\n<p><a href=\"https:\/\/krakowbiega.pl\/wp-content\/uploads\/2024\/03\/klasyfikacja-wszech-czasow-Ultra-GPK-K.pdf\" target=\"_blank\" rel=\"noreferrer noopener\">klasyfikacja wszech czas\u00f3w Ultra GPK K<\/a><\/p>\n\n\n\n<p><a href=\"https:\/\/krakowbiega.pl\/wp-content\/uploads\/2024\/03\/klasyfikacja-wszech-czasow-Nordic-Walking-M.pdf\" target=\"_blank\" rel=\"noreferrer noopener\">klasyfikacja wszech czas\u00f3w Nordic Walking M<\/a><\/p>\n\n\n\n<p><a href=\"https:\/\/krakowbiega.pl\/wp-content\/uploads\/2024\/03\/klasyfikacja-wszech-czasow-Nordic-Walking-K.pdf\" target=\"_blank\" rel=\"noreferrer noopener\">klasyfikacja wszech czas\u00f3w Nordic Walking K<\/a><\/p>\n\n\n\n<p class=\"has-text-align-left\"><a rel=\"noopener\" href=\"https:\/\/krakowbiega.pl\/wp-content\/uploads\/2022\/03\/klasyfikacja-wszechczasow-M-CROSS.pdf\" target=\"_blank\">klasyfikacja wszech czas\u00f3w M CROSS<\/a><\/p>\n\n\n\n<p class=\"has-text-align-left\"><a rel=\"noopener\" href=\"https:\/\/krakowbiega.pl\/wp-content\/uploads\/2022\/03\/klasyfikacja-wszechczasow-K-CROSS.pdf\" target=\"_blank\">klasyfikacja wszech czas\u00f3w K CROSS<\/a><\/p>\n\n\n\n<p><\/p>\n\n\n\n<div class=\"wp-block-file\"><\/div>\n\n\n\n<p><\/p>\n","protected":false},"excerpt":{"rendered":"<p>Klasyfikacja wszech czas\u00f3w po 77 biegach! Wszyscy zawodnicy z pierwszej dwudziestki wszech czas\u00f3w na koniec cyklu otrzymuj\u0105 bezp\u0142atny karnet na [&hellip;]<\/p>\n","protected":false},"author":2,"featured_media":0,"parent":0,"menu_order":0,"comment_status":"closed","ping_status":"closed","template":"","meta":{"_uag_custom_page_level_css":"","site-sidebar-layout":"default","site-content-layout":"","ast-site-content-layout":"default","site-content-style":"default","site-sidebar-style":"default","ast-global-header-display":"","ast-banner-title-visibility":"","ast-main-header-display":"","ast-hfb-above-header-display":"","ast-hfb-below-header-display":"","ast-hfb-mobile-header-display":"","site-post-title":"","ast-breadcrumbs-content":"","ast-featured-img":"","footer-sml-layout":"","ast-disable-related-posts":"","theme-transparent-header-meta":"","adv-header-id-meta":"","stick-header-meta":"","header-above-stick-meta":"","header-main-stick-meta":"","header-below-stick-meta":"","astra-migrate-meta-layouts":"default","ast-page-background-enabled":"default","ast-page-background-meta":{"desktop":{"background-color":"var(--ast-global-color-4)","background-image":"","background-repeat":"repeat","background-position":"center center","background-size":"auto","background-attachment":"scroll","background-type":"","background-media":"","overlay-type":"","overlay-color":"","overlay-opacity":"","overlay-gradient":""},"tablet":{"background-color":"","background-image":"","background-repeat":"repeat","background-position":"center center","background-size":"auto","background-attachment":"scroll","background-type":"","background-media":"","overlay-type":"","overlay-color":"","overlay-opacity":"","overlay-gradient":""},"mobile":{"background-color":"","background-image":"","background-repeat":"repeat","background-position":"center center","background-size":"auto","background-attachment":"scroll","background-type":"","background-media":"","overlay-type":"","overlay-color":"","overlay-opacity":"","overlay-gradient":""}},"ast-content-background-meta":{"desktop":{"background-color":"var(--ast-global-color-5)","background-image":"","background-repeat":"repeat","background-position":"center center","background-size":"auto","background-attachment":"scroll","background-type":"","background-media":"","overlay-type":"","overlay-color":"","overlay-opacity":"","overlay-gradient":""},"tablet":{"background-color":"var(--ast-global-color-5)","background-image":"","background-repeat":"repeat","background-position":"center center","background-size":"auto","background-attachment":"scroll","background-type":"","background-media":"","overlay-type":"","overlay-color":"","overlay-opacity":"","overlay-gradient":""},"mobile":{"background-color":"var(--ast-global-color-5)","background-image":"","background-repeat":"repeat","background-position":"center center","background-size":"auto","background-attachment":"scroll","background-type":"","background-media":"","overlay-type":"","overlay-color":"","overlay-opacity":"","overlay-gradient":""}},"footnotes":""},"class_list":["post-1374","page","type-page","status-publish","hentry"],"uagb_featured_image_src":{"full":false,"thumbnail":false,"medium":false,"medium_large":false,"large":false,"1536x1536":false,"2048x2048":false,"New Image Size":false},"uagb_author_info":{"display_name":"M.Garbacik","author_link":"https:\/\/krakowbiega.pl\/?author=2"},"uagb_comment_info":0,"uagb_excerpt":"Klasyfikacja wszech czas\u00f3w po 77 biegach! Wszyscy zawodnicy z pierwszej dwudziestki wszech czas\u00f3w na koniec cyklu otrzymuj\u0105 bezp\u0142atny karnet na [&hellip;]","_links":{"self":[{"href":"https:\/\/krakowbiega.pl\/index.php?rest_route=\/wp\/v2\/pages\/1374","targetHints":{"allow":["GET"]}}],"collection":[{"href":"https:\/\/krakowbiega.pl\/index.php?rest_route=\/wp\/v2\/pages"}],"about":[{"href":"https:\/\/krakowbiega.pl\/index.php?rest_route=\/wp\/v2\/types\/page"}],"author":[{"embeddable":true,"href":"https:\/\/krakowbiega.pl\/index.php?rest_route=\/wp\/v2\/users\/2"}],"replies":[{"embeddable":true,"href":"https:\/\/krakowbiega.pl\/index.php?rest_route=%2Fwp%2Fv2%2Fcomments&post=1374"}],"version-history":[{"count":160,"href":"https:\/\/krakowbiega.pl\/index.php?rest_route=\/wp\/v2\/pages\/1374\/revisions"}],"predecessor-version":[{"id":17926,"href":"https:\/\/krakowbiega.pl\/index.php?rest_route=\/wp\/v2\/pages\/1374\/revisions\/17926"}],"wp:attachment":[{"href":"https:\/\/krakowbiega.pl\/index.php?rest_route=%2Fwp%2Fv2%2Fmedia&parent=1374"}],"curies":[{"name":"wp","href":"https:\/\/api.w.org\/{rel}","templated":true}]}}