{"id":13974,"date":"2024-08-14T09:01:44","date_gmt":"2024-08-14T08:01:44","guid":{"rendered":"https:\/\/krakowbiega.pl\/?page_id=13974"},"modified":"2024-08-14T09:03:45","modified_gmt":"2024-08-14T08:03:45","slug":"pobij-rekord-zgarnij-bonus-3","status":"publish","type":"page","link":"https:\/\/krakowbiega.pl\/?page_id=13974","title":{"rendered":"Pobij rekord, zgarnij bonus!"},"content":{"rendered":"\n<p>Kolejny rok z rz\u0119du wracamy do Was z zabaw\u0105, kt\u00f3rej zwyci\u0119zcy otrzymaj\u0105 nagrody finansowe! Pula nagr\u00f3d analogiczna jak w ubieg\u0142ym sezonie \u2013 <strong>3000 z\u0142<\/strong>.<\/p>\n\n\n\n<p>Wysoko\u015b\u0107 nagrody zale\u017cy od ilo\u015bci pobitych rekord\u00f3w podczas XIII edycji. Maksymalnie jeden rekordzista mo\u017ce zatem otrzyma\u0107 3000 z\u0142 (je\u017celi podczas XIII edycji pobity zostanie tylko 1 rekord), a minimalnie 375 z\u0142 (je\u017celi pobite zostanie wszystkie 8 rekord\u00f3w).<\/p>\n\n\n\n<p>Aby uzyska\u0107 nagrod\u0119 pieni\u0119\u017cn\u0105 nale\u017cy:<br>-&gt; pobi\u0107 rekord trasy* podczas jednego z 5 bieg\u00f3w** (3.11, 1.12, 5.01, 2.02, 2.03)<br>-&gt; posiada\u0107 ten rekord po Finale GPK 2.03 (osoba, kt\u00f3ra pobije rekord danej trasy w listopadzie, ale straci go w grudniu nie b\u0119dzie brana pod uwag\u0119 przy podziale nagrody)<\/p>\n\n\n\n<p>Szykuje si\u0119 pasjonuj\u0105ca rywalizacja!<\/p>\n\n\n\n<p>*<strong>3.7 km Kobiet<\/strong>, <strong>3.7 km M\u0119\u017cyczyzn<\/strong>, <strong>5.7 km Kobiet<\/strong>, <strong>5.7 km M\u0119\u017cyczyzn<\/strong>, <strong>11.6 km Kobiet<\/strong>, <strong>11.6&nbsp;km M\u0119\u017cyczyzn<\/strong>, <strong>23.2 km Kobiet<\/strong>, <strong>23.2 km M\u0119\u017cyczyzn<\/strong> (Do wskazanej rywalizacji nie b\u0119d\u0105 brane pod uwag\u0119 rekordy osi\u0105gni\u0119te w ramach Vertical GPK.)<\/p>\n\n\n\n<p>**wyniki osi\u0105gni\u0119te podczas rywalizacji GPS nie b\u0119d\u0105 wliczane do tego konkursu.<\/p>\n\n\n\n<p>rekordy tras &#8211; <a rel=\"noreferrer noopener\" href=\"https:\/\/krakowbiega.pl\/?page_id=1226\" target=\"_blank\"><strong>tutaj<\/strong><\/a><\/p>\n\n\n\n<p><\/p>\n\n\n\n<figure class=\"wp-block-image alignleft size-full is-resized\"><img loading=\"lazy\" decoding=\"async\" src=\"https:\/\/krakowbiega.pl\/wp-content\/uploads\/2024\/08\/Projekt-bez-nazwy-2-2.png\" alt=\"\" class=\"wp-image-13975\" width=\"500\" height=\"500\" srcset=\"https:\/\/krakowbiega.pl\/wp-content\/uploads\/2024\/08\/Projekt-bez-nazwy-2-2.png 750w, https:\/\/krakowbiega.pl\/wp-content\/uploads\/2024\/08\/Projekt-bez-nazwy-2-2-300x300.png 300w, https:\/\/krakowbiega.pl\/wp-content\/uploads\/2024\/08\/Projekt-bez-nazwy-2-2-150x150.png 150w\" sizes=\"auto, (max-width: 500px) 100vw, 500px\" \/><\/figure>\n","protected":false},"excerpt":{"rendered":"<p>Kolejny rok z rz\u0119du wracamy do Was z zabaw\u0105, kt\u00f3rej zwyci\u0119zcy otrzymaj\u0105 nagrody finansowe! Pula nagr\u00f3d analogiczna jak w ubieg\u0142ym [&hellip;]<\/p>\n","protected":false},"author":2,"featured_media":0,"parent":0,"menu_order":0,"comment_status":"closed","ping_status":"closed","template":"","meta":{"_uag_custom_page_level_css":"","site-sidebar-layout":"default","site-content-layout":"","ast-site-content-layout":"default","site-content-style":"default","site-sidebar-style":"default","ast-global-header-display":"","ast-banner-title-visibility":"","ast-main-header-display":"","ast-hfb-above-header-display":"","ast-hfb-below-header-display":"","ast-hfb-mobile-header-display":"","site-post-title":"","ast-breadcrumbs-content":"","ast-featured-img":"","footer-sml-layout":"","ast-disable-related-posts":"","theme-transparent-header-meta":"","adv-header-id-meta":"","stick-header-meta":"","header-above-stick-meta":"","header-main-stick-meta":"","header-below-stick-meta":"","astra-migrate-meta-layouts":"default","ast-page-background-enabled":"default","ast-page-background-meta":{"desktop":{"background-color":"var(--ast-global-color-4)","background-image":"","background-repeat":"repeat","background-position":"center center","background-size":"auto","background-attachment":"scroll","background-type":"","background-media":"","overlay-type":"","overlay-color":"","overlay-opacity":"","overlay-gradient":""},"tablet":{"background-color":"","background-image":"","background-repeat":"repeat","background-position":"center center","background-size":"auto","background-attachment":"scroll","background-type":"","background-media":"","overlay-type":"","overlay-color":"","overlay-opacity":"","overlay-gradient":""},"mobile":{"background-color":"","background-image":"","background-repeat":"repeat","background-position":"center center","background-size":"auto","background-attachment":"scroll","background-type":"","background-media":"","overlay-type":"","overlay-color":"","overlay-opacity":"","overlay-gradient":""}},"ast-content-background-meta":{"desktop":{"background-color":"var(--ast-global-color-5)","background-image":"","background-repeat":"repeat","background-position":"center center","background-size":"auto","background-attachment":"scroll","background-type":"","background-media":"","overlay-type":"","overlay-color":"","overlay-opacity":"","overlay-gradient":""},"tablet":{"background-color":"var(--ast-global-color-5)","background-image":"","background-repeat":"repeat","background-position":"center center","background-size":"auto","background-attachment":"scroll","background-type":"","background-media":"","overlay-type":"","overlay-color":"","overlay-opacity":"","overlay-gradient":""},"mobile":{"background-color":"var(--ast-global-color-5)","background-image":"","background-repeat":"repeat","background-position":"center center","background-size":"auto","background-attachment":"scroll","background-type":"","background-media":"","overlay-type":"","overlay-color":"","overlay-opacity":"","overlay-gradient":""}},"footnotes":""},"class_list":["post-13974","page","type-page","status-publish","hentry"],"uagb_featured_image_src":{"full":false,"thumbnail":false,"medium":false,"medium_large":false,"large":false,"1536x1536":false,"2048x2048":false,"New Image Size":false},"uagb_author_info":{"display_name":"M.Garbacik","author_link":"https:\/\/krakowbiega.pl\/?author=2"},"uagb_comment_info":0,"uagb_excerpt":"Kolejny rok z rz\u0119du wracamy do Was z zabaw\u0105, kt\u00f3rej zwyci\u0119zcy otrzymaj\u0105 nagrody finansowe! Pula nagr\u00f3d analogiczna jak w ubieg\u0142ym [&hellip;]","_links":{"self":[{"href":"https:\/\/krakowbiega.pl\/index.php?rest_route=\/wp\/v2\/pages\/13974","targetHints":{"allow":["GET"]}}],"collection":[{"href":"https:\/\/krakowbiega.pl\/index.php?rest_route=\/wp\/v2\/pages"}],"about":[{"href":"https:\/\/krakowbiega.pl\/index.php?rest_route=\/wp\/v2\/types\/page"}],"author":[{"embeddable":true,"href":"https:\/\/krakowbiega.pl\/index.php?rest_route=\/wp\/v2\/users\/2"}],"replies":[{"embeddable":true,"href":"https:\/\/krakowbiega.pl\/index.php?rest_route=%2Fwp%2Fv2%2Fcomments&post=13974"}],"version-history":[{"count":2,"href":"https:\/\/krakowbiega.pl\/index.php?rest_route=\/wp\/v2\/pages\/13974\/revisions"}],"predecessor-version":[{"id":13979,"href":"https:\/\/krakowbiega.pl\/index.php?rest_route=\/wp\/v2\/pages\/13974\/revisions\/13979"}],"wp:attachment":[{"href":"https:\/\/krakowbiega.pl\/index.php?rest_route=%2Fwp%2Fv2%2Fmedia&parent=13974"}],"curies":[{"name":"wp","href":"https:\/\/api.w.org\/{rel}","templated":true}]}}