{"id":14415,"date":"2024-10-29T14:05:36","date_gmt":"2024-10-29T13:05:36","guid":{"rendered":"https:\/\/krakowbiega.pl\/?page_id=14415"},"modified":"2024-12-05T07:37:41","modified_gmt":"2024-12-05T06:37:41","slug":"z","status":"publish","type":"page","link":"https:\/\/krakowbiega.pl\/?page_id=14415","title":{"rendered":"ZG\u0141OSZENIA (?)"},"content":{"rendered":"\n<div class=\"wp-block-cover alignfull\" style=\"min-height:623px;aspect-ratio:unset;\"><span aria-hidden=\"true\" class=\"wp-block-cover__background has-background-dim wp-block-cover__gradient-background has-background-gradient\" style=\"background:linear-gradient(180deg,rgba(0,0,0,0) 0%,rgba(0,0,0,0.18) 46%,rgb(79,79,79) 100%)\"><\/span><img loading=\"lazy\" decoding=\"async\" width=\"2049\" height=\"1363\" class=\"wp-block-cover__image-background wp-image-13881\" alt=\"\" src=\"https:\/\/krakowbiega.pl\/wp-content\/uploads\/2024\/08\/GPK-zajawka-7-z-26.jpg\" style=\"object-position:46% 17%\" data-object-fit=\"cover\" data-object-position=\"46% 17%\" srcset=\"https:\/\/krakowbiega.pl\/wp-content\/uploads\/2024\/08\/GPK-zajawka-7-z-26.jpg 2049w, https:\/\/krakowbiega.pl\/wp-content\/uploads\/2024\/08\/GPK-zajawka-7-z-26-300x200.jpg 300w, https:\/\/krakowbiega.pl\/wp-content\/uploads\/2024\/08\/GPK-zajawka-7-z-26-1024x681.jpg 1024w, https:\/\/krakowbiega.pl\/wp-content\/uploads\/2024\/08\/GPK-zajawka-7-z-26-768x511.jpg 768w, https:\/\/krakowbiega.pl\/wp-content\/uploads\/2024\/08\/GPK-zajawka-7-z-26-1536x1022.jpg 1536w\" sizes=\"auto, (max-width: 2049px) 100vw, 2049px\" \/><div class=\"wp-block-cover__inner-container is-layout-flow wp-block-cover-is-layout-flow\">\n<h1 class=\"wp-block-heading has-ast-global-color-1-color has-text-color\" style=\"margin-top:0;margin-right:0;margin-bottom:0;margin-left:0\"><em><strong>Zg\u0142oszeni<\/strong>a<\/em><\/h1>\n\n\n\n<h1 class=\"wp-block-heading has-ast-global-color-5-color has-text-color\" style=\"margin-top:0;margin-right:0;margin-bottom:var(--wp--preset--spacing--60);margin-left:0\"><strong><em>XIII Grand Prix Krakowa<\/em><\/strong><\/h1>\n\n\n\n<p class=\"has-ast-global-color-1-color has-text-color\" style=\"padding-top:0px;padding-right:27%;padding-bottom:0px;padding-left:0px;font-size:18px\">Zg\u0142oszenia na XIII edycj\u0119 Grand Prix Krakowa w Biegach G\u00f3rskich.<br>By zg\u0142osi\u0107 si\u0119 na zawody, wykonaj jeden z poni\u017cszych krok\u00f3w.<\/p>\n<\/div><\/div>\n\n\n\n<div class=\"wp-block-columns alignfull is-layout-flex wp-container-core-columns-is-layout-1 wp-block-columns-is-layout-flex\" style=\"padding-top:0;padding-right:0;padding-bottom:0;padding-left:0\">\n<div class=\"wp-block-column has-background is-layout-flow wp-block-column-is-layout-flow\" style=\"background:linear-gradient(180deg,rgb(0,166,80) 76%,rgb(0,0,0) 100%);padding-top:3%;padding-right:3%;padding-bottom:3%;padding-left:3%\">\n<h1 class=\"wp-block-heading has-ast-global-color-1-color has-text-color\"><em>Karnet 5 Bieg\u00f3w GPK<\/em><\/h1>\n\n\n\n<div class=\"wp-block-cover alignfull is-light\" style=\"padding-top:0;padding-right:0;padding-bottom:0;padding-left:0;min-height:50px;aspect-ratio:unset;\"><span aria-hidden=\"true\" class=\"wp-block-cover__background has-background-dim-0 has-background-dim\"><\/span><div class=\"wp-block-cover__inner-container is-layout-flow wp-block-cover-is-layout-flow\">\n<h2 class=\"wp-block-heading has-ast-global-color-5-color has-text-color\">Krok 1<\/h2>\n\n\n\n<p class=\"has-ast-global-color-1-color has-text-color has-link-color wp-elements-e418bb65e65951f96c5e01ff361e3d0a\">Wype\u0142nij formularz zg\u0142oszeniowy &#8211;<strong> <a rel=\"noreferrer noopener\" href=\"https:\/\/orientharper.pl\/?cmp=entries&amp;action=entryList&amp;id=236\" target=\"_blank\">tutaj<\/a><\/strong><\/p>\n\n\n\n<h2 class=\"wp-block-heading has-ast-global-color-5-color has-text-color\">Krok 2<\/h2>\n\n\n\n<p class=\"has-ast-global-color-1-color has-text-color\">Dokonaj op\u0142aty startowej <\/p>\n\n\n\n<p><mark style=\"background-color:rgba(0, 0, 0, 0)\" class=\"has-inline-color has-ast-global-color-1-color\">przez szybkie p\u0142atno\u015bci (link w formularzu)<\/mark> <mark style=\"background-color:rgba(0, 0, 0, 0)\" class=\"has-inline-color has-ast-global-color-1-color\">lub<\/mark><\/p>\n\n\n\n<p class=\"has-ast-global-color-1-color has-text-color\">przelewem (wed\u0142ug tabeli poni\u017cej) na konto: <br>WOJSKOWY KLUB SPORTOWY WAWEL <strong>26 1090 1665 0000 0001 3605 9803<br>maksymalnie do 25.11.2024 r. (w\u0142\u0105cznie)<br>&#8211; <\/strong>z dopiskiem: <strong>Imi\u0119 i Nazwisko, rocznik, dystans, op\u0142ata za karnet.<\/strong><\/p>\n\n\n\n<p class=\"has-ast-global-color-1-color has-text-color\">Kwota p\u0142atno\u015bci zale\u017cy od wyboru wariantu <\/p>\n\n\n\n<p class=\"has-ast-global-color-1-color has-text-color\">1) Osoba, kt\u00f3ra nie bra\u0142a udzia\u0142u w Wielkim Otwarciu GPK dokonuje pe\u0142nej p\u0142atno\u015bci zgodnie z tabel\u0105 poni\u017cej.<\/p>\n\n\n\n<p class=\"has-ast-global-color-1-color has-text-color\">2) Je\u017celi kto\u015b bra\u0142 udzia\u0142 w Wielkim Otwarciu GPK, a nie ma wykupionego karnetu, wci\u0105\u017c jeszcze mo\u017ce to zrobi\u0107. Wystarczy&nbsp;dop\u0142aci\u0107 odpowiedni\u0105 r\u00f3\u017cnic\u0119 (mi\u0119dzy cen\u0105 karnetu \u2013 IV pula, a poniesionym kosztem wpisowego na biegu listopadowym).<\/p>\n\n\n\n<hr class=\"wp-block-separator has-text-color has-ast-global-color-5-color has-alpha-channel-opacity has-ast-global-color-5-background-color has-background\" style=\"margin-top:40px;margin-bottom:40px\"\/>\n\n\n\n<h2 class=\"wp-block-heading has-ast-global-color-5-color has-text-color\">Cennik<\/h2>\n\n\n\n<p class=\"has-ast-global-color-1-color has-text-color\">Podczas XIII edycji GPK obowi\u0105zuj\u0105 4 pule op\u0142at za karnet (5 bieg\u00f3w). Tym razem o wysoko\u015bci op\u0142aty startowej decydowa\u0107 b\u0119dzie zg\u0142oszenie w konkretnej puli karnet\u00f3w.**<\/p>\n\n\n\n<ul class=\"wp-block-list\">\n<li><strong>I pula \u2013 do 300. karnetu<\/strong><\/li>\n\n\n\n<li><strong>II pula \u2013 do 600. karnetu<\/strong><\/li>\n\n\n\n<li><strong>III pula \u2013 do 900. karnetu<\/strong><\/li>\n\n\n\n<li><strong>IV pula \u2013 od 901. karnetu<\/strong> (aktualnie obowi\u0105zuje)<\/li>\n<\/ul>\n\n\n\n<figure class=\"wp-block-table is-style-regular\"><table><tbody><tr><td><\/td><td>I pula<\/td><td>II pula<\/td><td>III pula<\/td><td><strong>IV pula<\/strong><\/td><\/tr><tr><td>Bieg dla dzieci<\/td><td>80 z\u0142 <br>(16 z\u0142 <strong>\/<\/strong> bieg)<\/td><td>90 z\u0142 <br>(18 z\u0142 \/ bieg)<\/td><td>100 z\u0142 <br>(20 zl \/ bieg)<\/td><td><strong>110 z\u0142 <br><\/strong>(22 z\u0142 \/ bieg)<\/td><\/tr><tr><td>Vertical GPK<\/td><td>150z\u0142 \/ 100z\u0142*<br>(30z\u0142 \/ 20z\u0142 za bieg)<\/td><td>180z\u0142 \/ 110z\u0142*<br>(36z\u0142 \/ 22z\u0142 za bieg)<\/td><td>210z\u0142 \/ 120z\u0142*<br>(42z\u0142 \/ 24z\u0142 za bieg)<\/td><td><strong>220z\u0142 \/ 130z\u0142*<\/strong><br>(44z\u0142 \/ 26z\u0142 za bieg)<\/td><\/tr><tr><td>Przyjazna Tr\u00f3jka (3,7 km)<\/td><td>170z\u0142 \/ 110z\u0142*<br>(34z\u0142 \/ 22z\u0142 za bieg)<\/td><td>200z\u0142 \/ 120z\u0142*<br>(40z\u0142 \/ 24z\u0142 za bieg)<\/td><td>230z\u0142 \/ 130z\u0142*<br>(46z\u0142 \/ 26z\u0142 za bieg)<\/td><td><strong>240z\u0142 \/ 140z\u0142*<\/strong><br>(48z\u0142 \/ 28z\u0142 za bieg)<\/td><\/tr><tr><td>Tradycyjna Pi\u0105tka (5,7 km)<\/td><td>180z\u0142 \/ 130z\u0142*<br>(36z\u0142 \/ 26z\u0142 za bieg)<\/td><td>210z\u0142 \/ 140z\u0142*<br>(42z\u0142 \/ 28z\u0142 za bieg)<\/td><td>240z\u0142 \/ 150z\u0142*<br>(48z\u0142 \/ 30z\u0142 za bieg)<\/td><td><strong>250z\u0142 \/ 160z\u0142*<\/strong><br>(48z\u0142 \/ 32z\u0142 za bieg)<\/td><\/tr><tr><td>Ambitna Jedenastka (11,6 km)<\/td><td>210z\u0142<strong><br><\/strong>(42z\u0142 za bieg)<\/td><td>240z\u0142<br>(48z\u0142 za bieg)<\/td><td>260z\u0142<br>(52z\u0142 za bieg)<\/td><td><strong>270z\u0142<\/strong><br>(54z\u0142 za bieg)<\/td><\/tr><tr><td>Harda Dwudziestka Tr\u00f3jka (23,2 km)<\/td><td>230z\u0142<strong><br><\/strong>(46z\u0142 za bieg)<\/td><td>260z\u0142<br>(52z\u0142 za bieg)<\/td><td>280z\u0142<br>(56z\u0142 za bieg)<\/td><td><strong>290z\u0142<\/strong><br>(58z\u0142 za bieg)<\/td><\/tr><\/tbody><\/table><figcaption class=\"wp-element-caption\">*Cena zni\u017ckowa dotyczy dzieci i m\u0142odzie\u017cy (do 2006 r.), kt\u00f3ra nie uko\u0144czy\u0142a 18 roku \u017cycia, a tak\u017ce senior\u00f3w 65+ (1959 r. i starsi).<\/figcaption><\/figure>\n\n\n\n<p>**Cena zale\u017cy od puli wp\u0142at. W momencie, gdy na li\u015bcie startowej znajdzie si\u0119 pierwsze 300 op\u0142aconych os\u00f3b (niezale\u017cnie od dystansu), zmianie ulega pula p\u0142atno\u015bci.<\/p>\n\n\n\n<div style=\"height:80px\" aria-hidden=\"true\" class=\"wp-block-spacer\"><\/div>\n\n\n\n<h2 class=\"wp-block-heading has-ast-global-color-5-color has-text-color\">Op\u0142aty dla ,,wielokarnetowc\u00f3w&#8221;<\/h2>\n\n\n\n<p class=\"has-ast-global-color-1-color has-text-color\">Osoby, kt\u00f3re chc\u0105 zakupi\u0107 karnety na kilka dystans\u00f3w mog\u0105 skorzysta\u0107 ze specjalnej zni\u017cki, przygotowanej przy okazji XIII edycji GPK. Zni\u017cka obowi\u0105zuje dla karnet\u00f3w \u201eta\u0144szych\u201d. Tzn. osoba, kt\u00f3ra dokonuje zg\u0142oszenia w tym samym terminie na dwa dystanse dokonuje podstawowej p\u0142atno\u015bci za dystans d\u0142u\u017cszy oraz obni\u017conej p\u0142atno\u015bci zgodnej z tabel\u0105 powy\u017cej.<\/p>\n\n\n\n<ul class=\"has-ast-global-color-1-color has-text-color has-link-color wp-block-list wp-elements-7899385eaaabf27236f6101682b15b14\">\n<li>Cena za drugi karnet 100 z\u0142 (20 z\u0142 za bieg)<\/li>\n\n\n\n<li>Cena za trzeci karnet 75 z\u0142 (15 z\u0142 za bieg)<\/li>\n\n\n\n<li>Cena za ka\u017cdy nast\u0119pny karnet 50 z\u0142 (10 z\u0142 za bieg)<\/li>\n<\/ul>\n\n\n\n<p class=\"has-ast-global-color-1-color has-text-color\">\u201eWielokarnetowc\u00f3w\u201d prosimy o regulowanie p\u0142atno\u015bci przy pomocy tradycyjnego przelewu bankowego.<\/p>\n<\/div><\/div>\n<\/div>\n\n\n\n<div class=\"wp-block-column is-layout-flow wp-block-column-is-layout-flow\" style=\"padding-top:3%;padding-right:3%;padding-bottom:3%;padding-left:3%\">\n<h1 class=\"wp-block-heading has-ast-global-color-1-color has-text-color\"><em>Pojedynczy Bieg<\/em> 1.12<\/h1>\n\n\n\n<div class=\"wp-block-cover alignfull\" style=\"padding-top:0;padding-right:0;padding-bottom:0;padding-left:0;min-height:50px;aspect-ratio:unset;\"><span aria-hidden=\"true\" class=\"wp-block-cover__background has-ast-global-color-7-background-color has-background-dim-100 has-background-dim\"><\/span><div class=\"wp-block-cover__inner-container is-layout-flow wp-block-cover-is-layout-flow\">\n<h2 class=\"wp-block-heading has-ast-global-color-5-color has-text-color\">Krok 1<\/h2>\n\n\n\n<p class=\"has-ast-global-color-1-color has-text-color has-link-color wp-elements-09196236a53d8574556433a75a964cd7\">Wype\u0142nij formularz zg\u0142oszeniowy &#8211; <a href=\"https:\/\/orientharper.pl\/?cmp=entries&amp;action=entryList&amp;id=241\" target=\"_blank\" rel=\"noreferrer noopener\"><strong>tutaj<\/strong><\/a><br><\/p>\n\n\n\n<div style=\"height:0px\" aria-hidden=\"true\" class=\"wp-block-spacer\"><\/div>\n\n\n\n<h2 class=\"wp-block-heading has-ast-global-color-5-color has-text-color\">Krok 2<\/h2>\n\n\n\n<p><mark style=\"background-color:rgba(0, 0, 0, 0)\" class=\"has-inline-color has-ast-global-color-1-color\">Dokonaj op\u0142aty startowej<\/mark><\/p>\n\n\n\n<p><mark style=\"background-color:rgba(0, 0, 0, 0)\" class=\"has-inline-color has-ast-global-color-1-color\">przez szybkie p\u0142atno\u015bci (link w formularzu)<\/mark> <mark style=\"background-color:rgba(0, 0, 0, 0)\" class=\"has-inline-color has-ast-global-color-1-color\">lub<\/mark><\/p>\n\n\n\n<p><mark style=\"background-color:rgba(0, 0, 0, 0)\" class=\"has-inline-color has-ast-global-color-1-color\">przelewem (wed\u0142ug tabeli poni\u017cej) na konto:<br>WOJSKOWY KLUB SPORTOWY WAWEL <strong>26 1090 1665 0000 0001 3605 9803<br>maksymalnie do 25.11.2024 r. (w\u0142\u0105cznie)<br>&#8211; <\/strong>z dopiskiem: <strong>Imi\u0119 i Nazwisko, rocznik, dystans, op\u0142ata za bieg 1.12<\/strong><\/mark><\/p>\n\n\n\n<hr class=\"wp-block-separator has-text-color has-ast-global-color-5-color has-alpha-channel-opacity has-ast-global-color-5-background-color has-background\" style=\"margin-top:80px;margin-bottom:80px\"\/>\n\n\n\n<h2 class=\"wp-block-heading has-ast-global-color-5-color has-text-color\">Cennik<\/h2>\n\n\n\n<p class=\"has-ast-global-color-1-color has-text-color\">Podczas XIII edycji GPK obowi\u0105zuj\u0105 2 pule op\u0142at za pojedynczy bieg. <\/p>\n\n\n\n<ul class=\"wp-block-list\">\n<li><mark style=\"background-color:rgba(0, 0, 0, 0)\" class=\"has-inline-color has-ast-global-color-1-color\">I pula \u2013 do 100. zg\u0142oszenia na pojedynczy bieg<\/mark><\/li>\n\n\n\n<li><mark style=\"background-color:rgba(0, 0, 0, 0)\" class=\"has-inline-color has-ast-global-color-1-color\">II pula \u2013 od 100. zg\u0142oszenia na pojedynczy bieg<\/mark> <\/li>\n<\/ul>\n\n\n\n<figure class=\"wp-block-table\"><table><tbody><tr><td><\/td><td>I pula**<\/td><td><strong>II pula<\/strong><\/td><td>po terminie<br>&#8211; od 29.10<\/td><\/tr><tr><td>Bieg dla dzieci<\/td><td>20 z\u0142<\/td><td><strong>25 z\u0142<\/strong><\/td><td>30 z\u0142<\/td><\/tr><tr><td>Vertical GPK<\/td><td>50 z\u0142 \/ 30 z\u0142*<\/td><td><strong>60 z\u0142 \/ 35 z\u0142<\/strong><\/td><td>70 z\u0142 \/ 40 z\u0142<\/td><\/tr><tr><td>Przyjazna Tr\u00f3jka (3,7 km)<\/td><td>55 z\u0142 \/ 35 z\u0142<\/td><td><strong>70 z\u0142 \/ 40 z\u0142<\/strong><\/td><td>80 z\u0142 \/ 50 z\u0142<\/td><\/tr><tr><td>Tradycyjna Pi\u0105tka (5,7 km)<\/td><td>65 z\u0142 \/ 40 z\u0142<\/td><td><strong>75 z\u0142 \/ 45 z\u0142<\/strong><\/td><td>90 z\u0142 \/ 50 z\u0142<\/td><\/tr><tr><td>Ambitna Jedenastka (11,6 km)<\/td><td>75 z\u0142 \/ 45 z\u0142<\/td><td><strong>90 z\u0142 \/ 50 z\u0142<\/strong><\/td><td>100 z\u0142<\/td><\/tr><tr><td>Harda Dwudziestka Tr\u00f3jka (23,2 km)<\/td><td>80 z\u0142 \/ 50 z\u0142<\/td><td><strong>90 z\u0142 \/ 55 z\u0142<\/strong><\/td><td>100 z\u0142<\/td><\/tr><\/tbody><\/table><figcaption class=\"wp-element-caption\">*Cena zni\u017ckowa dotyczy dzieci i m\u0142odzie\u017cy (do 2006 r.), kt\u00f3ra nie uko\u0144czy\u0142a 18 roku \u017cycia, a tak\u017ce senior\u00f3w 65+ (1959 r. i starsi).<\/figcaption><\/figure>\n\n\n\n<p>**Cena zale\u017cy od puli wp\u0142at. W momencie, gdy na li\u015bcie startowej zg\u0142osze\u0144 na pojedynczy bieg znajdzie si\u0119 pierwsze 100 op\u0142aconych os\u00f3b (niezale\u017cnie od dystansu), zmianie ulega pula p\u0142atno\u015bci.<\/p>\n\n\n\n<div style=\"height:80px\" aria-hidden=\"true\" class=\"wp-block-spacer\"><\/div>\n<\/div><\/div>\n<\/div>\n<\/div>\n\n\n\n<div class=\"wp-block-cover alignfull is-light\" style=\"padding-top:0;padding-right:0;padding-bottom:0;padding-left:0;min-height:50px;aspect-ratio:unset;\"><span aria-hidden=\"true\" class=\"wp-block-cover__background has-background-dim-0 has-background-dim\"><\/span><div class=\"wp-block-cover__inner-container is-layout-flow wp-block-cover-is-layout-flow\">\n<div style=\"height:80px\" aria-hidden=\"true\" class=\"wp-block-spacer\"><\/div>\n\n\n\n<h2 class=\"wp-block-heading has-ast-global-color-5-color has-text-color\">Dodatkowe informacje<\/h2>\n\n\n\n<p class=\"has-ast-global-color-1-color has-text-color\">1. W przypadku wniesienia niepe\u0142nej op\u0142aty startowej (np. w wyniku przekroczenia terminu wp\u0142aty) zawodnik jest zobowi\u0105zany do wyr\u00f3wnania r\u00f3\u017cnicy najp\u00f3\u017aniej w dniu zawod\u00f3w przed.<\/p>\n\n\n\n<p class=\"has-ast-global-color-1-color has-text-color\">2. Op\u0142ata raz uiszczona nie podlega zwrotowi. W przypadku sytuacji losowych dopuszczamy mo\u017cliwo\u015b\u0107 przeniesienia wp\u0142aty na innego zawodnika\/inny termin wed\u0142ug nast\u0119puj\u0105cych zasad:<\/p>\n\n\n\n<p class=\"has-ast-global-color-1-color has-text-color\">Powy\u017cej 14 dni przed biegiem \u2013&nbsp;<strong>bezp\u0142atnie<\/strong><br>Powy\u017cej 7 dni przed biegiem \u2013&nbsp;<strong>koszt zmiany 20 z\u0142<\/strong><br>Poni\u017cej 7 dni przed biegiem \u2013&nbsp;<strong>brak mo\u017cliwo\u015bci przeniesienia wp\u0142aty<\/strong><\/p>\n\n\n\n<p class=\"has-ast-global-color-1-color has-text-color\">3. W przypadku konieczno\u015bci odwo\u0142ania klasycznego wydarzenia z uwagi na si\u0142\u0119 wy\u017csz\u0105 organizator przewiduje organizacj\u0119 wy\u015bcig\u00f3w w wyznaczonych terminach w formie indywidualnej (wzorem IX edycji GPK) lub zwrot op\u0142aty w formie Voucheru do wykorzystania podczas kolejnych edycji\/kolejnych etap\u00f3w.<\/p>\n\n\n\n<p class=\"has-ast-global-color-1-color has-text-color has-link-color wp-elements-3fcf74df825672b58aae3f1926857c0b\">4. Z op\u0142aty startowej za bieg zwolnione s\u0105 osoby, kt\u00f3re zajmuj\u0105 miejsca w TOP20 klasyfikacji wszechczas\u00f3w GPK. Wyniki znajdziecie \u2013&nbsp;[<a rel=\"noreferrer noopener\" href=\"https:\/\/krakowbiega.pl\/?page_id=1374\" target=\"_blank\"><strong>TUTAJ<\/strong><\/a>].<\/p>\n\n\n\n<p class=\"has-ast-global-color-1-color has-text-color\">Osoby, korzystaj\u0105ce ze zwolnienia, prosimy o dokonanie zg\u0142oszenia przez formularz zg\u0142oszeniowy i przes\u0142anie informacji drog\u0105 e-mailow\u0105. P\u0142atno\u015b\u0107 w systemie zostanie odznaczona.<\/p>\n\n\n\n<div style=\"height:100px\" aria-hidden=\"true\" class=\"wp-block-spacer\"><\/div>\n<\/div><\/div>\n","protected":false},"excerpt":{"rendered":"<p>Karnet 5 Bieg\u00f3w GPK Pojedynczy Bieg 1.12<\/p>\n","protected":false},"author":2,"featured_media":0,"parent":0,"menu_order":0,"comment_status":"closed","ping_status":"closed","template":"","meta":{"_uag_custom_page_level_css":"","site-sidebar-layout":"default","site-content-layout":"","ast-site-content-layout":"default","site-content-style":"default","site-sidebar-style":"default","ast-global-header-display":"","ast-banner-title-visibility":"","ast-main-header-display":"","ast-hfb-above-header-display":"","ast-hfb-below-header-display":"","ast-hfb-mobile-header-display":"","site-post-title":"disabled","ast-breadcrumbs-content":"","ast-featured-img":"","footer-sml-layout":"","ast-disable-related-posts":"","theme-transparent-header-meta":"","adv-header-id-meta":"","stick-header-meta":"","header-above-stick-meta":"","header-main-stick-meta":"","header-below-stick-meta":"","astra-migrate-meta-layouts":"default","ast-page-background-enabled":"default","ast-page-background-meta":{"desktop":{"background-color":"var(--ast-global-color-4)","background-image":"","background-repeat":"repeat","background-position":"center center","background-size":"auto","background-attachment":"scroll","background-type":"","background-media":"","overlay-type":"","overlay-color":"","overlay-opacity":"","overlay-gradient":""},"tablet":{"background-color":"","background-image":"","background-repeat":"repeat","background-position":"center center","background-size":"auto","background-attachment":"scroll","background-type":"","background-media":"","overlay-type":"","overlay-color":"","overlay-opacity":"","overlay-gradient":""},"mobile":{"background-color":"","background-image":"","background-repeat":"repeat","background-position":"center center","background-size":"auto","background-attachment":"scroll","background-type":"","background-media":"","overlay-type":"","overlay-color":"","overlay-opacity":"","overlay-gradient":""}},"ast-content-background-meta":{"desktop":{"background-color":"var(--ast-global-color-5)","background-image":"","background-repeat":"repeat","background-position":"center center","background-size":"auto","background-attachment":"scroll","background-type":"","background-media":"","overlay-type":"","overlay-color":"","overlay-opacity":"","overlay-gradient":""},"tablet":{"background-color":"var(--ast-global-color-5)","background-image":"","background-repeat":"repeat","background-position":"center center","background-size":"auto","background-attachment":"scroll","background-type":"","background-media":"","overlay-type":"","overlay-color":"","overlay-opacity":"","overlay-gradient":""},"mobile":{"background-color":"var(--ast-global-color-5)","background-image":"","background-repeat":"repeat","background-position":"center center","background-size":"auto","background-attachment":"scroll","background-type":"","background-media":"","overlay-type":"","overlay-color":"","overlay-opacity":"","overlay-gradient":""}},"footnotes":""},"class_list":["post-14415","page","type-page","status-publish","hentry"],"uagb_featured_image_src":{"full":false,"thumbnail":false,"medium":false,"medium_large":false,"large":false,"1536x1536":false,"2048x2048":false,"New Image Size":false},"uagb_author_info":{"display_name":"M.Garbacik","author_link":"https:\/\/krakowbiega.pl\/?author=2"},"uagb_comment_info":0,"uagb_excerpt":"Karnet 5 Bieg\u00f3w GPK Pojedynczy Bieg 1.12","_links":{"self":[{"href":"https:\/\/krakowbiega.pl\/index.php?rest_route=\/wp\/v2\/pages\/14415","targetHints":{"allow":["GET"]}}],"collection":[{"href":"https:\/\/krakowbiega.pl\/index.php?rest_route=\/wp\/v2\/pages"}],"about":[{"href":"https:\/\/krakowbiega.pl\/index.php?rest_route=\/wp\/v2\/types\/page"}],"author":[{"embeddable":true,"href":"https:\/\/krakowbiega.pl\/index.php?rest_route=\/wp\/v2\/users\/2"}],"replies":[{"embeddable":true,"href":"https:\/\/krakowbiega.pl\/index.php?rest_route=%2Fwp%2Fv2%2Fcomments&post=14415"}],"version-history":[{"count":9,"href":"https:\/\/krakowbiega.pl\/index.php?rest_route=\/wp\/v2\/pages\/14415\/revisions"}],"predecessor-version":[{"id":14843,"href":"https:\/\/krakowbiega.pl\/index.php?rest_route=\/wp\/v2\/pages\/14415\/revisions\/14843"}],"wp:attachment":[{"href":"https:\/\/krakowbiega.pl\/index.php?rest_route=%2Fwp%2Fv2%2Fmedia&parent=14415"}],"curies":[{"name":"wp","href":"https:\/\/api.w.org\/{rel}","templated":true}]}}