{"id":16486,"date":"2025-09-21T13:03:37","date_gmt":"2025-09-21T12:03:37","guid":{"rendered":"https:\/\/krakowbiega.pl\/?page_id=16486"},"modified":"2025-09-21T13:03:37","modified_gmt":"2025-09-21T12:03:37","slug":"koszulka-xiv-edycji","status":"publish","type":"page","link":"https:\/\/krakowbiega.pl\/?page_id=16486","title":{"rendered":"Koszulka XIV edycji"},"content":{"rendered":"\n<p>Z ogromn\u0105 przyjemno\u015bci\u0105 przedstawiamy tegoroczny projekt koszulki Grand Prix Krakowa. Design, jak co roku, przygotowany zosta\u0142 w oparciu o dzie\u0142o malarki Gabi Buzek. Tym razem postawili\u015bmy na \u201etypowo zimow\u0105\u201d kolorystyk\u0119!<\/p>\n\n\n\n<p>W oparciu o tegoroczny projekt, tradycyjnie ju\u017c, przygotowane zostan\u0105 r\u00f3wnie\u017c inne gad\u017cety XIV edycji!<\/p>\n\n\n\n<p>W tym roku nast\u0105pi\u0142a zmiana producenta GPKowej koszulki. Koszulka SIGN zostanie wykonana z bardzo lekkiej, szybkoschn\u0105cej oddychaj\u0105cej dzianiny poliestrowej \u2013 gramatura 110 g\/m2 \u2013 zaprojektowanej do d\u0142ugotrwa\u0142ej aktywno\u015bci fizycznej, w szczeg\u00f3lno\u015bci do bieg\u00f3w ultra.<\/p>\n\n\n\n<p>\u2013 Osoby, kt\u00f3re ju\u017c zam\u00f3wi\u0142y i op\u0142aci\u0142y koszulk\u0119 w ramach pakietu startowego, b\u0119d\u0105 mog\u0142y odebra\u0107 j\u0105 w biurze zawod\u00f3w.<\/p>\n\n\n\n<p>\u2013 W razie dost\u0119pnych rozmiar\u00f3w istnieje mo\u017cliwo\u015b\u0107 dokupienia koszulki do pakietu startowego GPK w biurze zawod\u00f3w. Koszt \u2013 130 z\u0142.<\/p>\n\n\n\n<figure class=\"wp-block-image alignleft size-large is-resized\"><img loading=\"lazy\" decoding=\"async\" width=\"1024\" height=\"725\" src=\"https:\/\/krakowbiega.pl\/wp-content\/uploads\/2025\/09\/Projekt-bez-nazwy-1-3-1024x725.png\" alt=\"\" class=\"wp-image-16487\" style=\"width:750px\" srcset=\"https:\/\/krakowbiega.pl\/wp-content\/uploads\/2025\/09\/Projekt-bez-nazwy-1-3-1024x725.png 1024w, https:\/\/krakowbiega.pl\/wp-content\/uploads\/2025\/09\/Projekt-bez-nazwy-1-3-300x212.png 300w, https:\/\/krakowbiega.pl\/wp-content\/uploads\/2025\/09\/Projekt-bez-nazwy-1-3-768x544.png 768w, https:\/\/krakowbiega.pl\/wp-content\/uploads\/2025\/09\/Projekt-bez-nazwy-1-3-1536x1087.png 1536w, https:\/\/krakowbiega.pl\/wp-content\/uploads\/2025\/09\/Projekt-bez-nazwy-1-3-2048x1449.png 2048w\" sizes=\"auto, (max-width: 1024px) 100vw, 1024px\" \/><\/figure>\n","protected":false},"excerpt":{"rendered":"<p>Z ogromn\u0105 przyjemno\u015bci\u0105 przedstawiamy tegoroczny projekt koszulki Grand Prix Krakowa. Design, jak co roku, przygotowany zosta\u0142 w oparciu o dzie\u0142o [&hellip;]<\/p>\n","protected":false},"author":2,"featured_media":0,"parent":0,"menu_order":0,"comment_status":"closed","ping_status":"closed","template":"","meta":{"_uag_custom_page_level_css":"","site-sidebar-layout":"default","site-content-layout":"","ast-site-content-layout":"default","site-content-style":"default","site-sidebar-style":"default","ast-global-header-display":"","ast-banner-title-visibility":"","ast-main-header-display":"","ast-hfb-above-header-display":"","ast-hfb-below-header-display":"","ast-hfb-mobile-header-display":"","site-post-title":"","ast-breadcrumbs-content":"","ast-featured-img":"","footer-sml-layout":"","ast-disable-related-posts":"","theme-transparent-header-meta":"","adv-header-id-meta":"","stick-header-meta":"","header-above-stick-meta":"","header-main-stick-meta":"","header-below-stick-meta":"","astra-migrate-meta-layouts":"default","ast-page-background-enabled":"default","ast-page-background-meta":{"desktop":{"background-color":"var(--ast-global-color-4)","background-image":"","background-repeat":"repeat","background-position":"center center","background-size":"auto","background-attachment":"scroll","background-type":"","background-media":"","overlay-type":"","overlay-color":"","overlay-opacity":"","overlay-gradient":""},"tablet":{"background-color":"","background-image":"","background-repeat":"repeat","background-position":"center center","background-size":"auto","background-attachment":"scroll","background-type":"","background-media":"","overlay-type":"","overlay-color":"","overlay-opacity":"","overlay-gradient":""},"mobile":{"background-color":"","background-image":"","background-repeat":"repeat","background-position":"center center","background-size":"auto","background-attachment":"scroll","background-type":"","background-media":"","overlay-type":"","overlay-color":"","overlay-opacity":"","overlay-gradient":""}},"ast-content-background-meta":{"desktop":{"background-color":"var(--ast-global-color-5)","background-image":"","background-repeat":"repeat","background-position":"center center","background-size":"auto","background-attachment":"scroll","background-type":"","background-media":"","overlay-type":"","overlay-color":"","overlay-opacity":"","overlay-gradient":""},"tablet":{"background-color":"var(--ast-global-color-5)","background-image":"","background-repeat":"repeat","background-position":"center center","background-size":"auto","background-attachment":"scroll","background-type":"","background-media":"","overlay-type":"","overlay-color":"","overlay-opacity":"","overlay-gradient":""},"mobile":{"background-color":"var(--ast-global-color-5)","background-image":"","background-repeat":"repeat","background-position":"center center","background-size":"auto","background-attachment":"scroll","background-type":"","background-media":"","overlay-type":"","overlay-color":"","overlay-opacity":"","overlay-gradient":""}},"footnotes":""},"class_list":["post-16486","page","type-page","status-publish","hentry"],"uagb_featured_image_src":{"full":false,"thumbnail":false,"medium":false,"medium_large":false,"large":false,"1536x1536":false,"2048x2048":false,"New Image Size":false},"uagb_author_info":{"display_name":"M.Garbacik","author_link":"https:\/\/krakowbiega.pl\/?author=2"},"uagb_comment_info":0,"uagb_excerpt":"Z ogromn\u0105 przyjemno\u015bci\u0105 przedstawiamy tegoroczny projekt koszulki Grand Prix Krakowa. Design, jak co roku, przygotowany zosta\u0142 w oparciu o dzie\u0142o [&hellip;]","_links":{"self":[{"href":"https:\/\/krakowbiega.pl\/index.php?rest_route=\/wp\/v2\/pages\/16486","targetHints":{"allow":["GET"]}}],"collection":[{"href":"https:\/\/krakowbiega.pl\/index.php?rest_route=\/wp\/v2\/pages"}],"about":[{"href":"https:\/\/krakowbiega.pl\/index.php?rest_route=\/wp\/v2\/types\/page"}],"author":[{"embeddable":true,"href":"https:\/\/krakowbiega.pl\/index.php?rest_route=\/wp\/v2\/users\/2"}],"replies":[{"embeddable":true,"href":"https:\/\/krakowbiega.pl\/index.php?rest_route=%2Fwp%2Fv2%2Fcomments&post=16486"}],"version-history":[{"count":1,"href":"https:\/\/krakowbiega.pl\/index.php?rest_route=\/wp\/v2\/pages\/16486\/revisions"}],"predecessor-version":[{"id":16488,"href":"https:\/\/krakowbiega.pl\/index.php?rest_route=\/wp\/v2\/pages\/16486\/revisions\/16488"}],"wp:attachment":[{"href":"https:\/\/krakowbiega.pl\/index.php?rest_route=%2Fwp%2Fv2%2Fmedia&parent=16486"}],"curies":[{"name":"wp","href":"https:\/\/api.w.org\/{rel}","templated":true}]}}