{"id":16605,"date":"2025-10-19T09:47:44","date_gmt":"2025-10-19T08:47:44","guid":{"rendered":"https:\/\/krakowbiega.pl\/?page_id=16605"},"modified":"2026-02-14T10:12:55","modified_gmt":"2026-02-14T09:12:55","slug":"biuro-zawodow-2","status":"publish","type":"page","link":"https:\/\/krakowbiega.pl\/?page_id=16605","title":{"rendered":"Biuro zawod\u00f3w i centrum zawod\u00f3w"},"content":{"rendered":"\n<p>Biuro zawod\u00f3w 1.03 (a tak\u017ce szatnie, bufet czy depozyt) zlokalizowane b\u0119d\u0105 w Szkole Podstawowej nr 72 przy alei Modrzewiowej 23.<\/p>\n\n\n\n<p>Podczas Wielkiego Fina\u0142u biuro zawod\u00f3w czynne b\u0119dzie tylko i wy\u0142\u0105cznie w niedziel\u0119 (w szkole). Do zobaczenia!<\/p>\n\n\n\n<p>biuro zawod\u00f3w \u2013 niedziela (1.03) \u2013\u00a0<strong>Centrum zawod\u00f3w, Szko\u0142a Podstawowa nr 72, aleja Modrzewiowa 23\u00a0<\/strong>(50.064087, 19.865940) godz.\u00a0<strong>8:00 \u2013 11:00<\/strong><\/p>\n\n\n\n<p>*Lokalizacja fina\u0142owej dekoracji zostanie podana p\u00f3\u017aniej. Decyzja zale\u017ce\u0107 b\u0119dzie od warunk\u00f3w atmosferycznych. Fina\u0142owa dekoracja odb\u0119dzie si\u0119 na sali w szkole (mr\u00f3z \/ deszcz) lub w pozytywnym wariancie na boisku przed szko\u0142\u0105. Czyli tak jak w poprzednich latach bywa\u0142o. Do zobaczenia!<\/p>\n\n\n\n<p>wz\u00f3r upowa\u017cnienia do odbioru numeru za inn\u0105 osob\u0119 &#8211; <a href=\"https:\/\/krakowbiega.pl\/wp-content\/uploads\/2025\/10\/oswiadczenie-i-upowaznienie-GPK-2025-2026-1.pdf\" target=\"_blank\" rel=\"noreferrer noopener\"><strong>tutaj<\/strong><\/a><\/p>\n\n\n\n<figure class=\"wp-block-image alignleft size-full is-resized\"><img loading=\"lazy\" decoding=\"async\" width=\"750\" height=\"750\" src=\"https:\/\/krakowbiega.pl\/wp-content\/uploads\/2025\/11\/Projekt-bez-nazwy-11.png\" alt=\"\" class=\"wp-image-16869\" style=\"width:500px\" srcset=\"https:\/\/krakowbiega.pl\/wp-content\/uploads\/2025\/11\/Projekt-bez-nazwy-11.png 750w, https:\/\/krakowbiega.pl\/wp-content\/uploads\/2025\/11\/Projekt-bez-nazwy-11-300x300.png 300w, https:\/\/krakowbiega.pl\/wp-content\/uploads\/2025\/11\/Projekt-bez-nazwy-11-150x150.png 150w\" sizes=\"auto, (max-width: 750px) 100vw, 750px\" \/><\/figure>\n","protected":false},"excerpt":{"rendered":"<p>Biuro zawod\u00f3w 1.03 (a tak\u017ce szatnie, bufet czy depozyt) zlokalizowane b\u0119d\u0105 w Szkole Podstawowej nr 72 przy alei Modrzewiowej 23. [&hellip;]<\/p>\n","protected":false},"author":2,"featured_media":0,"parent":0,"menu_order":0,"comment_status":"closed","ping_status":"closed","template":"","meta":{"_uag_custom_page_level_css":"","site-sidebar-layout":"default","site-content-layout":"","ast-site-content-layout":"default","site-content-style":"default","site-sidebar-style":"default","ast-global-header-display":"","ast-banner-title-visibility":"","ast-main-header-display":"","ast-hfb-above-header-display":"","ast-hfb-below-header-display":"","ast-hfb-mobile-header-display":"","site-post-title":"","ast-breadcrumbs-content":"","ast-featured-img":"","footer-sml-layout":"","ast-disable-related-posts":"","theme-transparent-header-meta":"","adv-header-id-meta":"","stick-header-meta":"","header-above-stick-meta":"","header-main-stick-meta":"","header-below-stick-meta":"","astra-migrate-meta-layouts":"default","ast-page-background-enabled":"default","ast-page-background-meta":{"desktop":{"background-color":"var(--ast-global-color-4)","background-image":"","background-repeat":"repeat","background-position":"center center","background-size":"auto","background-attachment":"scroll","background-type":"","background-media":"","overlay-type":"","overlay-color":"","overlay-opacity":"","overlay-gradient":""},"tablet":{"background-color":"","background-image":"","background-repeat":"repeat","background-position":"center center","background-size":"auto","background-attachment":"scroll","background-type":"","background-media":"","overlay-type":"","overlay-color":"","overlay-opacity":"","overlay-gradient":""},"mobile":{"background-color":"","background-image":"","background-repeat":"repeat","background-position":"center center","background-size":"auto","background-attachment":"scroll","background-type":"","background-media":"","overlay-type":"","overlay-color":"","overlay-opacity":"","overlay-gradient":""}},"ast-content-background-meta":{"desktop":{"background-color":"var(--ast-global-color-5)","background-image":"","background-repeat":"repeat","background-position":"center center","background-size":"auto","background-attachment":"scroll","background-type":"","background-media":"","overlay-type":"","overlay-color":"","overlay-opacity":"","overlay-gradient":""},"tablet":{"background-color":"var(--ast-global-color-5)","background-image":"","background-repeat":"repeat","background-position":"center center","background-size":"auto","background-attachment":"scroll","background-type":"","background-media":"","overlay-type":"","overlay-color":"","overlay-opacity":"","overlay-gradient":""},"mobile":{"background-color":"var(--ast-global-color-5)","background-image":"","background-repeat":"repeat","background-position":"center center","background-size":"auto","background-attachment":"scroll","background-type":"","background-media":"","overlay-type":"","overlay-color":"","overlay-opacity":"","overlay-gradient":""}},"footnotes":""},"class_list":["post-16605","page","type-page","status-publish","hentry"],"uagb_featured_image_src":{"full":false,"thumbnail":false,"medium":false,"medium_large":false,"large":false,"1536x1536":false,"2048x2048":false,"New Image Size":false},"uagb_author_info":{"display_name":"M.Garbacik","author_link":"https:\/\/krakowbiega.pl\/?author=2"},"uagb_comment_info":0,"uagb_excerpt":"Biuro zawod\u00f3w 1.03 (a tak\u017ce szatnie, bufet czy depozyt) zlokalizowane b\u0119d\u0105 w Szkole Podstawowej nr 72 przy alei Modrzewiowej 23. [&hellip;]","_links":{"self":[{"href":"https:\/\/krakowbiega.pl\/index.php?rest_route=\/wp\/v2\/pages\/16605","targetHints":{"allow":["GET"]}}],"collection":[{"href":"https:\/\/krakowbiega.pl\/index.php?rest_route=\/wp\/v2\/pages"}],"about":[{"href":"https:\/\/krakowbiega.pl\/index.php?rest_route=\/wp\/v2\/types\/page"}],"author":[{"embeddable":true,"href":"https:\/\/krakowbiega.pl\/index.php?rest_route=\/wp\/v2\/users\/2"}],"replies":[{"embeddable":true,"href":"https:\/\/krakowbiega.pl\/index.php?rest_route=%2Fwp%2Fv2%2Fcomments&post=16605"}],"version-history":[{"count":17,"href":"https:\/\/krakowbiega.pl\/index.php?rest_route=\/wp\/v2\/pages\/16605\/revisions"}],"predecessor-version":[{"id":17705,"href":"https:\/\/krakowbiega.pl\/index.php?rest_route=\/wp\/v2\/pages\/16605\/revisions\/17705"}],"wp:attachment":[{"href":"https:\/\/krakowbiega.pl\/index.php?rest_route=%2Fwp%2Fv2%2Fmedia&parent=16605"}],"curies":[{"name":"wp","href":"https:\/\/api.w.org\/{rel}","templated":true}]}}