{"id":16725,"date":"2025-10-25T12:02:56","date_gmt":"2025-10-25T11:02:56","guid":{"rendered":"https:\/\/krakowbiega.pl\/?page_id=16725"},"modified":"2025-11-24T12:28:33","modified_gmt":"2025-11-24T11:28:33","slug":"pobij-rekord-zgarnij-bonus-4","status":"publish","type":"page","link":"https:\/\/krakowbiega.pl\/?page_id=16725","title":{"rendered":"Pobij rekord, zgarnij bonus!"},"content":{"rendered":"\n<p>Przypominamy o jeszcze jednej formie rywalizacji, kt\u00f3rej nie mo\u017ce zabrakn\u0105\u0107 podczas XIV edycji Grand Prix Krakowa w Biegach G\u00f3rskich. Nasze rekordy tras s\u0105 coraz bardziej wy\u015brubowane, rywalizacja o to by zapisa\u0107 si\u0119 w GPKowych tabelach jest coraz bardziej zaci\u0119ta!<\/p>\n\n\n\n<p>Kolejny rok z rz\u0119du wracamy do Was wi\u0119c z zabaw\u0105, w ramach kt\u00f3rej zwyci\u0119zcy otrzymaj\u0105 nagrody finansowe! Pula nagr\u00f3d analogiczna jak w ubieg\u0142ym sezonie \u2013 3000 z\u0142.<\/p>\n\n\n\n<p>Wysoko\u015b\u0107 nagrody zale\u017cy od ilo\u015bci pobitych rekord\u00f3w podczas XIV edycji. Maksymalnie jeden rekordzista mo\u017ce zatem otrzyma\u0107 3000 z\u0142 (je\u017celi podczas XIV edycji pobity zostanie tylko 1 rekord), a minimalnie 375 z\u0142 (je\u017celi pobite zostanie wszystkie 8 rekord\u00f3w).<\/p>\n\n\n\n<p>Aby uzyska\u0107 nagrod\u0119 pieni\u0119\u017cn\u0105 nale\u017cy:<\/p>\n\n\n\n<p>\u2013 pobi\u0107 rekord trasy* podczas jednego z 5 bieg\u00f3w** (26.10, 7.12, 4.01, 1.02, 1.03),<br>\u2013 posiada\u0107 ten rekord po Finale GPK 1.03 (osoba, kt\u00f3ra pobije rekord danej trasy w pa\u017adzierniku, ale straci go w marcu nie b\u0119dzie brana pod uwag\u0119 przy podziale nagrody).<\/p>\n\n\n\n<p>*3.7 km Kobiet, 3.7 km M\u0119\u017cyczyzn, 5.7 km Kobiet, 5.7 km M\u0119\u017cyczyzn, 11.6 km Kobiet, 11.6\u00a0 km M\u0119\u017cyczyzn, 23.2 km Kobiet, 23.2 km M\u0119\u017cyczyzn.<\/p>\n\n\n\n<p>**Wyniki osi\u0105gni\u0119te podczas rywalizacji GPS nie b\u0119d\u0105 wliczane do tej rywalizacji.<\/p>\n\n\n\n<p>Szykuje si\u0119 pasjonuj\u0105ca rywalizacja!&nbsp;<\/p>\n\n\n\n<p>aktualne zestawienie rekord\u00f3w tras &#8211; <a href=\"https:\/\/krakowbiega.pl\/?page_id=1226\" target=\"_blank\" rel=\"noreferrer noopener\"><strong>tutaj<\/strong><\/a><\/p>\n\n\n\n<figure class=\"wp-block-image alignleft size-full is-resized\"><img loading=\"lazy\" decoding=\"async\" width=\"750\" height=\"750\" src=\"https:\/\/krakowbiega.pl\/wp-content\/uploads\/2025\/10\/Projekt-bez-nazwy-16.png\" alt=\"\" class=\"wp-image-16726\" style=\"width:500px\" srcset=\"https:\/\/krakowbiega.pl\/wp-content\/uploads\/2025\/10\/Projekt-bez-nazwy-16.png 750w, https:\/\/krakowbiega.pl\/wp-content\/uploads\/2025\/10\/Projekt-bez-nazwy-16-300x300.png 300w, https:\/\/krakowbiega.pl\/wp-content\/uploads\/2025\/10\/Projekt-bez-nazwy-16-150x150.png 150w\" sizes=\"auto, (max-width: 750px) 100vw, 750px\" \/><\/figure>\n","protected":false},"excerpt":{"rendered":"<p>Przypominamy o jeszcze jednej formie rywalizacji, kt\u00f3rej nie mo\u017ce zabrakn\u0105\u0107 podczas XIV edycji Grand Prix Krakowa w Biegach G\u00f3rskich. Nasze [&hellip;]<\/p>\n","protected":false},"author":2,"featured_media":0,"parent":0,"menu_order":0,"comment_status":"closed","ping_status":"closed","template":"","meta":{"_uag_custom_page_level_css":"","site-sidebar-layout":"default","site-content-layout":"","ast-site-content-layout":"default","site-content-style":"default","site-sidebar-style":"default","ast-global-header-display":"","ast-banner-title-visibility":"","ast-main-header-display":"","ast-hfb-above-header-display":"","ast-hfb-below-header-display":"","ast-hfb-mobile-header-display":"","site-post-title":"","ast-breadcrumbs-content":"","ast-featured-img":"","footer-sml-layout":"","ast-disable-related-posts":"","theme-transparent-header-meta":"","adv-header-id-meta":"","stick-header-meta":"","header-above-stick-meta":"","header-main-stick-meta":"","header-below-stick-meta":"","astra-migrate-meta-layouts":"default","ast-page-background-enabled":"default","ast-page-background-meta":{"desktop":{"background-color":"var(--ast-global-color-4)","background-image":"","background-repeat":"repeat","background-position":"center center","background-size":"auto","background-attachment":"scroll","background-type":"","background-media":"","overlay-type":"","overlay-color":"","overlay-opacity":"","overlay-gradient":""},"tablet":{"background-color":"","background-image":"","background-repeat":"repeat","background-position":"center center","background-size":"auto","background-attachment":"scroll","background-type":"","background-media":"","overlay-type":"","overlay-color":"","overlay-opacity":"","overlay-gradient":""},"mobile":{"background-color":"","background-image":"","background-repeat":"repeat","background-position":"center center","background-size":"auto","background-attachment":"scroll","background-type":"","background-media":"","overlay-type":"","overlay-color":"","overlay-opacity":"","overlay-gradient":""}},"ast-content-background-meta":{"desktop":{"background-color":"var(--ast-global-color-5)","background-image":"","background-repeat":"repeat","background-position":"center center","background-size":"auto","background-attachment":"scroll","background-type":"","background-media":"","overlay-type":"","overlay-color":"","overlay-opacity":"","overlay-gradient":""},"tablet":{"background-color":"var(--ast-global-color-5)","background-image":"","background-repeat":"repeat","background-position":"center center","background-size":"auto","background-attachment":"scroll","background-type":"","background-media":"","overlay-type":"","overlay-color":"","overlay-opacity":"","overlay-gradient":""},"mobile":{"background-color":"var(--ast-global-color-5)","background-image":"","background-repeat":"repeat","background-position":"center center","background-size":"auto","background-attachment":"scroll","background-type":"","background-media":"","overlay-type":"","overlay-color":"","overlay-opacity":"","overlay-gradient":""}},"footnotes":""},"class_list":["post-16725","page","type-page","status-publish","hentry"],"uagb_featured_image_src":{"full":false,"thumbnail":false,"medium":false,"medium_large":false,"large":false,"1536x1536":false,"2048x2048":false,"New Image Size":false},"uagb_author_info":{"display_name":"M.Garbacik","author_link":"https:\/\/krakowbiega.pl\/?author=2"},"uagb_comment_info":0,"uagb_excerpt":"Przypominamy o jeszcze jednej formie rywalizacji, kt\u00f3rej nie mo\u017ce zabrakn\u0105\u0107 podczas XIV edycji Grand Prix Krakowa w Biegach G\u00f3rskich. Nasze [&hellip;]","_links":{"self":[{"href":"https:\/\/krakowbiega.pl\/index.php?rest_route=\/wp\/v2\/pages\/16725","targetHints":{"allow":["GET"]}}],"collection":[{"href":"https:\/\/krakowbiega.pl\/index.php?rest_route=\/wp\/v2\/pages"}],"about":[{"href":"https:\/\/krakowbiega.pl\/index.php?rest_route=\/wp\/v2\/types\/page"}],"author":[{"embeddable":true,"href":"https:\/\/krakowbiega.pl\/index.php?rest_route=\/wp\/v2\/users\/2"}],"replies":[{"embeddable":true,"href":"https:\/\/krakowbiega.pl\/index.php?rest_route=%2Fwp%2Fv2%2Fcomments&post=16725"}],"version-history":[{"count":5,"href":"https:\/\/krakowbiega.pl\/index.php?rest_route=\/wp\/v2\/pages\/16725\/revisions"}],"predecessor-version":[{"id":16965,"href":"https:\/\/krakowbiega.pl\/index.php?rest_route=\/wp\/v2\/pages\/16725\/revisions\/16965"}],"wp:attachment":[{"href":"https:\/\/krakowbiega.pl\/index.php?rest_route=%2Fwp%2Fv2%2Fmedia&parent=16725"}],"curies":[{"name":"wp","href":"https:\/\/api.w.org\/{rel}","templated":true}]}}