{"id":7247,"date":"2021-11-05T12:23:46","date_gmt":"2021-11-05T11:23:46","guid":{"rendered":"http:\/\/krakowbiega.pl\/?page_id=7247"},"modified":"2021-11-05T12:23:47","modified_gmt":"2021-11-05T11:23:47","slug":"restauracja-wavelove","status":"publish","type":"page","link":"https:\/\/krakowbiega.pl\/?page_id=7247","title":{"rendered":"Restauracja Wavelove"},"content":{"rendered":"\n<p>Z przyjemno\u015bci\u0105 informujemy, \u017ce partnerem technicznym naszego wydarzenia zostaje Restauracja Wavelove. Nasz partner przygotuje dla Was:<\/p>\n\n\n\n<p>&#8211; pocz\u0119stunek regeneracyjny, kt\u00f3ry serwowany b\u0119dzie w ramach pakietu startowego dla wszystkich uczestnik\u00f3w. Tradycyjnie znajdzie si\u0119 w nim: ciep\u0142a kawa\/herbata, baton zbo\u017cowy oraz owoc;<\/p>\n\n\n\n<p>&#8211; mo\u017cliwo\u015b\u0107 zakupu dodatkowych pos\u0142k\u00f3w. Foodtruck Wavelove serwowa\u0107 b\u0119dzie mi\u0119dzy innymi ciep\u0142e dania &#8211; hinduski dal z ry\u017cem oraz kurczaka curry.<\/p>\n\n\n\n<p>Restauracja Wavelove &#8211; <a rel=\"noreferrer noopener\" href=\"https:\/\/wavelove.pl\/\" target=\"_blank\">tutaj<\/a> <br><\/p>\n\n\n\n<div class=\"wp-block-image\"><figure class=\"alignleft size-full is-resized\"><a href=\"https:\/\/wavelove.pl\/\"><img loading=\"lazy\" decoding=\"async\" src=\"https:\/\/krakowbiega.pl\/wp-content\/uploads\/2021\/11\/Projekt-bez-tytulu-10-1.png\" alt=\"\" class=\"wp-image-7245\" width=\"500\" height=\"500\"\/><\/a><\/figure><\/div>\n","protected":false},"excerpt":{"rendered":"<p>Z przyjemno\u015bci\u0105 informujemy, \u017ce partnerem technicznym naszego wydarzenia zostaje Restauracja Wavelove. Nasz partner przygotuje dla Was: &#8211; pocz\u0119stunek regeneracyjny, kt\u00f3ry [&hellip;]<\/p>\n","protected":false},"author":2,"featured_media":0,"parent":0,"menu_order":0,"comment_status":"closed","ping_status":"closed","template":"","meta":{"_uag_custom_page_level_css":"","site-sidebar-layout":"default","site-content-layout":"","ast-site-content-layout":"default","site-content-style":"default","site-sidebar-style":"default","ast-global-header-display":"","ast-banner-title-visibility":"","ast-main-header-display":"","ast-hfb-above-header-display":"","ast-hfb-below-header-display":"","ast-hfb-mobile-header-display":"","site-post-title":"","ast-breadcrumbs-content":"","ast-featured-img":"","footer-sml-layout":"","ast-disable-related-posts":"","theme-transparent-header-meta":"","adv-header-id-meta":"","stick-header-meta":"","header-above-stick-meta":"","header-main-stick-meta":"","header-below-stick-meta":"","astra-migrate-meta-layouts":"default","ast-page-background-enabled":"default","ast-page-background-meta":{"desktop":{"background-color":"var(--ast-global-color-4)","background-image":"","background-repeat":"repeat","background-position":"center center","background-size":"auto","background-attachment":"scroll","background-type":"","background-media":"","overlay-type":"","overlay-color":"","overlay-opacity":"","overlay-gradient":""},"tablet":{"background-color":"","background-image":"","background-repeat":"repeat","background-position":"center center","background-size":"auto","background-attachment":"scroll","background-type":"","background-media":"","overlay-type":"","overlay-color":"","overlay-opacity":"","overlay-gradient":""},"mobile":{"background-color":"","background-image":"","background-repeat":"repeat","background-position":"center center","background-size":"auto","background-attachment":"scroll","background-type":"","background-media":"","overlay-type":"","overlay-color":"","overlay-opacity":"","overlay-gradient":""}},"ast-content-background-meta":{"desktop":{"background-color":"var(--ast-global-color-5)","background-image":"","background-repeat":"repeat","background-position":"center center","background-size":"auto","background-attachment":"scroll","background-type":"","background-media":"","overlay-type":"","overlay-color":"","overlay-opacity":"","overlay-gradient":""},"tablet":{"background-color":"var(--ast-global-color-5)","background-image":"","background-repeat":"repeat","background-position":"center center","background-size":"auto","background-attachment":"scroll","background-type":"","background-media":"","overlay-type":"","overlay-color":"","overlay-opacity":"","overlay-gradient":""},"mobile":{"background-color":"var(--ast-global-color-5)","background-image":"","background-repeat":"repeat","background-position":"center center","background-size":"auto","background-attachment":"scroll","background-type":"","background-media":"","overlay-type":"","overlay-color":"","overlay-opacity":"","overlay-gradient":""}},"footnotes":""},"class_list":["post-7247","page","type-page","status-publish","hentry"],"uagb_featured_image_src":{"full":false,"thumbnail":false,"medium":false,"medium_large":false,"large":false,"1536x1536":false,"2048x2048":false,"New Image Size":false},"uagb_author_info":{"display_name":"M.Garbacik","author_link":"https:\/\/krakowbiega.pl\/?author=2"},"uagb_comment_info":0,"uagb_excerpt":"Z przyjemno\u015bci\u0105 informujemy, \u017ce partnerem technicznym naszego wydarzenia zostaje Restauracja Wavelove. Nasz partner przygotuje dla Was: &#8211; pocz\u0119stunek regeneracyjny, kt\u00f3ry [&hellip;]","_links":{"self":[{"href":"https:\/\/krakowbiega.pl\/index.php?rest_route=\/wp\/v2\/pages\/7247","targetHints":{"allow":["GET"]}}],"collection":[{"href":"https:\/\/krakowbiega.pl\/index.php?rest_route=\/wp\/v2\/pages"}],"about":[{"href":"https:\/\/krakowbiega.pl\/index.php?rest_route=\/wp\/v2\/types\/page"}],"author":[{"embeddable":true,"href":"https:\/\/krakowbiega.pl\/index.php?rest_route=\/wp\/v2\/users\/2"}],"replies":[{"embeddable":true,"href":"https:\/\/krakowbiega.pl\/index.php?rest_route=%2Fwp%2Fv2%2Fcomments&post=7247"}],"version-history":[{"count":1,"href":"https:\/\/krakowbiega.pl\/index.php?rest_route=\/wp\/v2\/pages\/7247\/revisions"}],"predecessor-version":[{"id":7248,"href":"https:\/\/krakowbiega.pl\/index.php?rest_route=\/wp\/v2\/pages\/7247\/revisions\/7248"}],"wp:attachment":[{"href":"https:\/\/krakowbiega.pl\/index.php?rest_route=%2Fwp%2Fv2%2Fmedia&parent=7247"}],"curies":[{"name":"wp","href":"https:\/\/api.w.org\/{rel}","templated":true}]}}