{"id":9102,"date":"2022-08-22T12:43:50","date_gmt":"2022-08-22T11:43:50","guid":{"rendered":"http:\/\/krakowbiega.pl\/?page_id=9102"},"modified":"2024-04-15T23:10:26","modified_gmt":"2024-04-15T22:10:26","slug":"main-page","status":"publish","type":"page","link":"https:\/\/krakowbiega.pl\/?page_id=9102","title":{"rendered":"O nas"},"content":{"rendered":"<style>\/*! elementor - v3.14.0 - 26-06-2023 *\/<br \/>\n.elementor-widget-image{text-align:center}.elementor-widget-image a{display:inline-block}.elementor-widget-image a img[src$=\".svg\"]{width:48px}.elementor-widget-image img{vertical-align:middle;display:inline-block}<\/style>\n<p>\t\t\t\t\t\t\t\t\t\t\t\t<img decoding=\"async\" width=\"2022\" height=\"884\" src=\"https:\/\/krakowbiega.pl\/wp-content\/uploads\/2024\/04\/Projekt-bez-nazwy-12.png\" alt=\"\" loading=\"lazy\" srcset=\"https:\/\/krakowbiega.pl\/wp-content\/uploads\/2024\/04\/Projekt-bez-nazwy-12.png 2022w, https:\/\/krakowbiega.pl\/wp-content\/uploads\/2024\/04\/Projekt-bez-nazwy-12-300x131.png 300w, https:\/\/krakowbiega.pl\/wp-content\/uploads\/2024\/04\/Projekt-bez-nazwy-12-1024x448.png 1024w, https:\/\/krakowbiega.pl\/wp-content\/uploads\/2024\/04\/Projekt-bez-nazwy-12-768x336.png 768w, https:\/\/krakowbiega.pl\/wp-content\/uploads\/2024\/04\/Projekt-bez-nazwy-12-1536x672.png 1536w\" sizes=\"auto, (max-width: 2022px) 100vw, 2022px\"><br \/>\n<a href=\"https:\/\/krakowbiega.pl\/?page_id=6929\"><br \/>\nZarejestruj si\u0119<br \/>\n<\/a><br \/>\n<a href=\"https:\/\/krakowbiega.pl\/?page_id=4110\"><br \/>\nRegulamin<br \/>\n<\/a><br \/>\n<img decoding=\"async\" width=\"1024\" height=\"390\" src=\"https:\/\/krakowbiega.pl\/wp-content\/uploads\/2022\/09\/Untitled-1_page-0003-1024x390.jpg\" alt=\"\" loading=\"lazy\" srcset=\"https:\/\/krakowbiega.pl\/wp-content\/uploads\/2022\/09\/Untitled-1_page-0003-1024x390.jpg 1024w, https:\/\/krakowbiega.pl\/wp-content\/uploads\/2022\/09\/Untitled-1_page-0003-300x114.jpg 300w, https:\/\/krakowbiega.pl\/wp-content\/uploads\/2022\/09\/Untitled-1_page-0003-768x293.jpg 768w, https:\/\/krakowbiega.pl\/wp-content\/uploads\/2022\/09\/Untitled-1_page-0003-1536x586.jpg 1536w, https:\/\/krakowbiega.pl\/wp-content\/uploads\/2022\/09\/Untitled-1_page-0003-2048x781.jpg 2048w\" sizes=\"auto, (max-width: 1024px) 100vw, 1024px\"><br \/>\n<img decoding=\"async\" width=\"1024\" height=\"567\" src=\"https:\/\/krakowbiega.pl\/wp-content\/uploads\/2022\/08\/12-1-1024x567.jpg\" alt=\"\" loading=\"lazy\" srcset=\"https:\/\/krakowbiega.pl\/wp-content\/uploads\/2022\/08\/12-1-1024x567.jpg 1024w, https:\/\/krakowbiega.pl\/wp-content\/uploads\/2022\/08\/12-1-300x166.jpg 300w, https:\/\/krakowbiega.pl\/wp-content\/uploads\/2022\/08\/12-1-768x425.jpg 768w, https:\/\/krakowbiega.pl\/wp-content\/uploads\/2022\/08\/12-1.jpg 1439w\" sizes=\"auto, (max-width: 1024px) 100vw, 1024px\"><br \/>\n<!-- Logo Img --><br \/>\n<a href=\"https:\/\/turbacztrail.pl\/\" target=\"_blank\" rel=\"noopener\"><img width=\"212\" height=\"300\" src=\"https:\/\/krakowbiega.pl\/wp-content\/uploads\/2022\/09\/4-212x300.png\" alt=\"\" decoding=\"async\" loading=\"lazy\" title=\"Turbacz Trail\" srcset=\"https:\/\/krakowbiega.pl\/wp-content\/uploads\/2022\/09\/4-212x300.png 212w, https:\/\/krakowbiega.pl\/wp-content\/uploads\/2022\/09\/4-724x1024.png 724w, https:\/\/krakowbiega.pl\/wp-content\/uploads\/2022\/09\/4-768x1086.png 768w, https:\/\/krakowbiega.pl\/wp-content\/uploads\/2022\/09\/4-1086x1536.png 1086w, https:\/\/krakowbiega.pl\/wp-content\/uploads\/2022\/09\/4-1448x2048.png 1448w, https:\/\/krakowbiega.pl\/wp-content\/uploads\/2022\/09\/4.png 1654w\" sizes=\"auto, (max-width: 212px) 100vw, 212px\"><\/a><br \/>\n<!-- Logo Title --><\/p>\n<h3>Turbacz Trail<\/h3>\n<p><!-- Logo Category --><br \/>\n<!-- Logo Img --><br \/>\n<a href=\"https:\/\/zis.krakow.pl\/\" target=\"_blank\" rel=\"noopener\"><img width=\"212\" height=\"300\" src=\"https:\/\/krakowbiega.pl\/wp-content\/uploads\/2022\/09\/3-212x300.png\" alt=\"\" decoding=\"async\" loading=\"lazy\" title=\"Zarz\u0105d Infrastruktury Sportowej w Krakowie\" srcset=\"https:\/\/krakowbiega.pl\/wp-content\/uploads\/2022\/09\/3-212x300.png 212w, https:\/\/krakowbiega.pl\/wp-content\/uploads\/2022\/09\/3-724x1024.png 724w, https:\/\/krakowbiega.pl\/wp-content\/uploads\/2022\/09\/3-768x1086.png 768w, https:\/\/krakowbiega.pl\/wp-content\/uploads\/2022\/09\/3-1086x1536.png 1086w, https:\/\/krakowbiega.pl\/wp-content\/uploads\/2022\/09\/3-1448x2048.png 1448w, https:\/\/krakowbiega.pl\/wp-content\/uploads\/2022\/09\/3.png 1654w\" sizes=\"auto, (max-width: 212px) 100vw, 212px\"><\/a><br \/>\n<!-- Logo Title --><\/p>\n<h3>Zarz\u0105d Infrastruktury Sportowej w Krakowie<\/h3>\n<p><!-- Logo Category --><br \/>\n<!-- Logo Img --><br \/>\n<a href=\"https:\/\/www.gov.pl\/web\/obrona-narodowa\" target=\"_blank\" rel=\"noopener\"><img width=\"212\" height=\"300\" src=\"https:\/\/krakowbiega.pl\/wp-content\/uploads\/2022\/09\/2-212x300.png\" alt=\"\" decoding=\"async\" loading=\"lazy\" title=\"Ministerstwo Obrony Narodowej\" srcset=\"https:\/\/krakowbiega.pl\/wp-content\/uploads\/2022\/09\/2-212x300.png 212w, https:\/\/krakowbiega.pl\/wp-content\/uploads\/2022\/09\/2-724x1024.png 724w, https:\/\/krakowbiega.pl\/wp-content\/uploads\/2022\/09\/2-768x1086.png 768w, https:\/\/krakowbiega.pl\/wp-content\/uploads\/2022\/09\/2-1086x1536.png 1086w, https:\/\/krakowbiega.pl\/wp-content\/uploads\/2022\/09\/2-1448x2048.png 1448w, https:\/\/krakowbiega.pl\/wp-content\/uploads\/2022\/09\/2.png 1654w\" sizes=\"auto, (max-width: 212px) 100vw, 212px\"><\/a><br \/>\n<!-- Logo Title --><\/p>\n<h3>Ministerstwo Obrony Narodowej<\/h3>\n<p><!-- Logo Category --><br \/>\n<!-- Logo Img --><br \/>\n<a href=\"https:\/\/www.gov.pl\/web\/obrona-narodowa\" target=\"_blank\" rel=\"noopener\"><img width=\"212\" height=\"300\" src=\"https:\/\/krakowbiega.pl\/wp-content\/uploads\/2023\/09\/1-212x300.png\" alt=\"\" decoding=\"async\" loading=\"lazy\" title=\"Wojsko Polskie\" srcset=\"https:\/\/krakowbiega.pl\/wp-content\/uploads\/2023\/09\/1-212x300.png 212w, https:\/\/krakowbiega.pl\/wp-content\/uploads\/2023\/09\/1-724x1024.png 724w, https:\/\/krakowbiega.pl\/wp-content\/uploads\/2023\/09\/1-768x1086.png 768w, https:\/\/krakowbiega.pl\/wp-content\/uploads\/2023\/09\/1-1086x1536.png 1086w, https:\/\/krakowbiega.pl\/wp-content\/uploads\/2023\/09\/1-1448x2048.png 1448w, https:\/\/krakowbiega.pl\/wp-content\/uploads\/2023\/09\/1.png 1654w\" sizes=\"auto, (max-width: 212px) 100vw, 212px\"><\/a><br \/>\n<!-- Logo Title --><\/p>\n<h3>Wojsko Polskie<\/h3>\n<p><!-- Logo Category --><br \/>\n<!-- Logo Img --><br \/>\n<a href=\"https:\/\/www.malopolska.pl\/\" target=\"_blank\" rel=\"noopener\"><img width=\"212\" height=\"300\" src=\"https:\/\/krakowbiega.pl\/wp-content\/uploads\/2022\/09\/6-212x300.png\" alt=\"\" decoding=\"async\" loading=\"lazy\" title=\"Ma\u0142opolska\" srcset=\"https:\/\/krakowbiega.pl\/wp-content\/uploads\/2022\/09\/6-212x300.png 212w, https:\/\/krakowbiega.pl\/wp-content\/uploads\/2022\/09\/6-724x1024.png 724w, https:\/\/krakowbiega.pl\/wp-content\/uploads\/2022\/09\/6-768x1086.png 768w, https:\/\/krakowbiega.pl\/wp-content\/uploads\/2022\/09\/6-1086x1536.png 1086w, https:\/\/krakowbiega.pl\/wp-content\/uploads\/2022\/09\/6-1448x2048.png 1448w, https:\/\/krakowbiega.pl\/wp-content\/uploads\/2022\/09\/6.png 1654w\" sizes=\"auto, (max-width: 212px) 100vw, 212px\"><\/a><br \/>\n<!-- Logo Title --><\/p>\n<h3>Ma\u0142opolska<\/h3>\n<p><!-- Logo Category --><br \/>\n<!-- Logo Img --><br \/>\n<a href=\"https:\/\/www.sportkonsulting.pl\/kontakt\/\" target=\"_blank\" rel=\"noopener\"><img width=\"212\" height=\"300\" src=\"https:\/\/krakowbiega.pl\/wp-content\/uploads\/2022\/09\/5-212x300.png\" alt=\"\" decoding=\"async\" loading=\"lazy\" title=\"Polar\" srcset=\"https:\/\/krakowbiega.pl\/wp-content\/uploads\/2022\/09\/5-212x300.png 212w, https:\/\/krakowbiega.pl\/wp-content\/uploads\/2022\/09\/5-724x1024.png 724w, https:\/\/krakowbiega.pl\/wp-content\/uploads\/2022\/09\/5-768x1086.png 768w, https:\/\/krakowbiega.pl\/wp-content\/uploads\/2022\/09\/5-1086x1536.png 1086w, https:\/\/krakowbiega.pl\/wp-content\/uploads\/2022\/09\/5-1448x2048.png 1448w, https:\/\/krakowbiega.pl\/wp-content\/uploads\/2022\/09\/5.png 1654w\" sizes=\"auto, (max-width: 212px) 100vw, 212px\"><\/a><br \/>\n<!-- Logo Title --><\/p>\n<h3>Polar<\/h3>\n<p><!-- Logo Category --><br \/>\n<!-- Logo Img --><br \/>\n<a href=\"https:\/\/wmichalowicach.pl\/wydarzenie\/mlyn-trail-michalowice-2023\/?v=9b7d173b068d\" target=\"_blank\" rel=\"noopener\"><img width=\"250\" height=\"300\" src=\"https:\/\/krakowbiega.pl\/wp-content\/uploads\/2021\/11\/Mlyn_logo.jpg\" alt=\"\" decoding=\"async\" loading=\"lazy\" title=\"Goat Team Micha\u0142owice\"><\/a><br \/>\n<!-- Logo Title --><\/p>\n<h3>Goat Team Micha\u0142owice<\/h3>\n<p><!-- Logo Category --><br \/>\n<!-- Logo Img --><br \/>\n<a href=\"https:\/\/gsplugins.com\/\" target=\"_blank\" rel=\"noopener\"><img width=\"250\" height=\"300\" src=\"https:\/\/krakowbiega.pl\/wp-content\/uploads\/2021\/11\/logo-perly-1000x1000-granat-przezroczyste-tlo-.jpg\" alt=\"\" decoding=\"async\" loading=\"lazy\" title=\"Per\u0142y Ma\u0142opolski\"><\/a><br \/>\n<!-- Logo Title --><\/p>\n<h3>Per\u0142y Ma\u0142opolski<\/h3>\n<p><!-- Logo Category --><br \/>\n<!-- Logo Img --><br \/>\n<a href=\"https:\/\/sklepbiegacza.pl\/\" target=\"_blank\" rel=\"noopener\"><img width=\"250\" height=\"300\" src=\"https:\/\/krakowbiega.pl\/wp-content\/uploads\/2021\/11\/sb_logo_kolor_png.jpg\" alt=\"\" decoding=\"async\" loading=\"lazy\" title=\"Sklep biegacza\"><\/a><br \/>\n<!-- Logo Title --><\/p>\n<h3>Sklep biegacza<\/h3>\n<p><!-- Logo Category --><br \/>\n<!-- Logo Img --><br \/>\n<a href=\"https:\/\/gsplugins.com\/\" target=\"_blank\" rel=\"noopener\"><img width=\"250\" height=\"300\" src=\"https:\/\/krakowbiega.pl\/wp-content\/uploads\/2021\/11\/gut_logo_1000x1000.jpg\" alt=\"\" decoding=\"async\" loading=\"lazy\" title=\"Gorce Ultra-trail\"><\/a><br \/>\n<!-- Logo Title --><\/p>\n<h3>Gorce Ultra-trail<\/h3>\n<p><!-- Logo Category --><br \/>\n<!-- Logo Img --><br \/>\n<a href=\"https:\/\/gsplugins.com\/\" target=\"_blank\" rel=\"noopener\"><img width=\"250\" height=\"300\" src=\"https:\/\/krakowbiega.pl\/wp-content\/uploads\/2021\/11\/logomain1-1.jpg\" alt=\"\" decoding=\"async\" loading=\"lazy\" title=\"Trail\"><\/a><br \/>\n<!-- Logo Title --><\/p>\n<h3>Trail<\/h3>\n<p><!-- Logo Category --><br \/>\n<!-- Logo Img --><br \/>\n<a href=\"https:\/\/gsplugins.com\/\" target=\"_blank\" rel=\"noopener\"><img width=\"250\" height=\"300\" src=\"https:\/\/krakowbiega.pl\/wp-content\/uploads\/2021\/11\/Orzel_MON_logo.jpg\" alt=\"\" decoding=\"async\" loading=\"lazy\" title=\"Ministerstwo obrony narodowej\"><\/a><br \/>\n<!-- Logo Title --><\/p>\n<h3>Ministerstwo obrony narodowej<\/h3>\n<p><!-- Logo Category --><br \/>\n<!-- Logo Img --><br \/>\n<a href=\"https:\/\/www.wydawnictwoliterackie.pl\/\" target=\"_blank\" rel=\"noopener\"><img width=\"250\" height=\"300\" src=\"https:\/\/krakowbiega.pl\/wp-content\/uploads\/2020\/12\/Webp.net-resizeimage.jpg\" alt=\"\" decoding=\"async\" loading=\"lazy\" title=\"Wydawnictwo literackie\"><\/a><br \/>\n<!-- Logo Title --><\/p>\n<h3>Wydawnictwo literackie<\/h3>\n<p><!-- Logo Category --><br \/>\n<!-- Logo Img --><br \/>\n<a href=\"http:\/\/centrumzdrowiabiegacza.pl\/\" target=\"_blank\" rel=\"noopener\"><img width=\"250\" height=\"300\" src=\"https:\/\/krakowbiega.pl\/wp-content\/uploads\/2019\/11\/LOGO_CZB-biale-tlo-2-1024x527-250x300.jpg\" alt=\"\" decoding=\"async\" loading=\"lazy\" title=\"Centrum zdrowia biegacza\" srcset=\"https:\/\/krakowbiega.pl\/wp-content\/uploads\/2019\/11\/LOGO_CZB-biale-tlo-2-1024x527.jpg 250w, https:\/\/krakowbiega.pl\/wp-content\/uploads\/2019\/11\/LOGO_CZB-biale-tlo-2-1024x527-133x160.jpg 133w, https:\/\/krakowbiega.pl\/wp-content\/uploads\/2019\/11\/LOGO_CZB-biale-tlo-2-1024x527-125x150.jpg 125w\" sizes=\"auto, (max-width: 250px) 100vw, 250px\"><\/a><br \/>\n<!-- Logo Title --><\/p>\n<h3>Centrum zdrowia biegacza<\/h3>\n<p><!-- Logo Category --><br \/>\n<!-- Logo Img --><br \/>\n<a href=\"http:\/\/wawelbno.pl\" target=\"_blank\" rel=\"noopener\"><img width=\"250\" height=\"300\" src=\"https:\/\/krakowbiega.pl\/wp-content\/uploads\/2019\/11\/49107945_960126394176877_1820430087502168064_n-250x300.jpg\" alt=\"\" decoding=\"async\" loading=\"lazy\" title=\"WKS Wawel\" srcset=\"https:\/\/krakowbiega.pl\/wp-content\/uploads\/2019\/11\/49107945_960126394176877_1820430087502168064_n.jpg 250w, https:\/\/krakowbiega.pl\/wp-content\/uploads\/2019\/11\/49107945_960126394176877_1820430087502168064_n-133x160.jpg 133w, https:\/\/krakowbiega.pl\/wp-content\/uploads\/2019\/11\/49107945_960126394176877_1820430087502168064_n-125x150.jpg 125w\" sizes=\"auto, (max-width: 250px) 100vw, 250px\"><\/a><br \/>\n<!-- Logo Title --><\/p>\n<h3>WKS Wawel<\/h3>\n<p><!-- Logo Category --><\/p>\n","protected":false},"excerpt":{"rendered":"<p>Zarejestruj si\u0119 Regulamin Turbacz Trail Zarz\u0105d Infrastruktury Sportowej w Krakowie Ministerstwo Obrony Narodowej Wojsko Polskie Ma\u0142opolska Polar Goat Team Micha\u0142owice [&hellip;]<\/p>\n","protected":false},"author":4,"featured_media":0,"parent":0,"menu_order":0,"comment_status":"closed","ping_status":"closed","template":"","meta":{"_uag_custom_page_level_css":"","site-sidebar-layout":"default","site-content-layout":"","ast-site-content-layout":"default","site-content-style":"default","site-sidebar-style":"default","ast-global-header-display":"","ast-banner-title-visibility":"","ast-main-header-display":"","ast-hfb-above-header-display":"","ast-hfb-below-header-display":"","ast-hfb-mobile-header-display":"","site-post-title":"disabled","ast-breadcrumbs-content":"","ast-featured-img":"","footer-sml-layout":"","ast-disable-related-posts":"","theme-transparent-header-meta":"","adv-header-id-meta":"","stick-header-meta":"","header-above-stick-meta":"","header-main-stick-meta":"","header-below-stick-meta":"","astra-migrate-meta-layouts":"default","ast-page-background-enabled":"default","ast-page-background-meta":{"desktop":{"background-color":"var(--ast-global-color-4)","background-image":"","background-repeat":"repeat","background-position":"center center","background-size":"auto","background-attachment":"scroll","background-type":"","background-media":"","overlay-type":"","overlay-color":"","overlay-opacity":"","overlay-gradient":""},"tablet":{"background-color":"","background-image":"","background-repeat":"repeat","background-position":"center center","background-size":"auto","background-attachment":"scroll","background-type":"","background-media":"","overlay-type":"","overlay-color":"","overlay-opacity":"","overlay-gradient":""},"mobile":{"background-color":"","background-image":"","background-repeat":"repeat","background-position":"center center","background-size":"auto","background-attachment":"scroll","background-type":"","background-media":"","overlay-type":"","overlay-color":"","overlay-opacity":"","overlay-gradient":""}},"ast-content-background-meta":{"desktop":{"background-color":"var(--ast-global-color-5)","background-image":"","background-repeat":"repeat","background-position":"center center","background-size":"auto","background-attachment":"scroll","background-type":"","background-media":"","overlay-type":"","overlay-color":"","overlay-opacity":"","overlay-gradient":""},"tablet":{"background-color":"var(--ast-global-color-5)","background-image":"","background-repeat":"repeat","background-position":"center center","background-size":"auto","background-attachment":"scroll","background-type":"","background-media":"","overlay-type":"","overlay-color":"","overlay-opacity":"","overlay-gradient":""},"mobile":{"background-color":"var(--ast-global-color-5)","background-image":"","background-repeat":"repeat","background-position":"center center","background-size":"auto","background-attachment":"scroll","background-type":"","background-media":"","overlay-type":"","overlay-color":"","overlay-opacity":"","overlay-gradient":""}},"footnotes":""},"class_list":["post-9102","page","type-page","status-publish","hentry"],"uagb_featured_image_src":{"full":false,"thumbnail":false,"medium":false,"medium_large":false,"large":false,"1536x1536":false,"2048x2048":false,"New Image Size":false},"uagb_author_info":{"display_name":"Olha Sereda","author_link":"https:\/\/krakowbiega.pl\/?author=4"},"uagb_comment_info":0,"uagb_excerpt":"Zarejestruj si\u0119 Regulamin Turbacz Trail Zarz\u0105d Infrastruktury Sportowej w Krakowie Ministerstwo Obrony Narodowej Wojsko Polskie Ma\u0142opolska Polar Goat Team Micha\u0142owice [&hellip;]","_links":{"self":[{"href":"https:\/\/krakowbiega.pl\/index.php?rest_route=\/wp\/v2\/pages\/9102","targetHints":{"allow":["GET"]}}],"collection":[{"href":"https:\/\/krakowbiega.pl\/index.php?rest_route=\/wp\/v2\/pages"}],"about":[{"href":"https:\/\/krakowbiega.pl\/index.php?rest_route=\/wp\/v2\/types\/page"}],"author":[{"embeddable":true,"href":"https:\/\/krakowbiega.pl\/index.php?rest_route=\/wp\/v2\/users\/4"}],"replies":[{"embeddable":true,"href":"https:\/\/krakowbiega.pl\/index.php?rest_route=%2Fwp%2Fv2%2Fcomments&post=9102"}],"version-history":[{"count":85,"href":"https:\/\/krakowbiega.pl\/index.php?rest_route=\/wp\/v2\/pages\/9102\/revisions"}],"predecessor-version":[{"id":13244,"href":"https:\/\/krakowbiega.pl\/index.php?rest_route=\/wp\/v2\/pages\/9102\/revisions\/13244"}],"wp:attachment":[{"href":"https:\/\/krakowbiega.pl\/index.php?rest_route=%2Fwp%2Fv2%2Fmedia&parent=9102"}],"curies":[{"name":"wp","href":"https:\/\/api.w.org\/{rel}","templated":true}]}}