{"id":9250,"date":"2022-08-23T09:58:20","date_gmt":"2022-08-23T08:58:20","guid":{"rendered":"http:\/\/krakowbiega.pl\/?page_id=9036"},"modified":"2023-02-20T16:53:16","modified_gmt":"2023-02-20T15:53:16","slug":"iv-nocny-bieg-gpk-biuro-zawodow","status":"publish","type":"page","link":"https:\/\/krakowbiega.pl\/?page_id=9250","title":{"rendered":"Biuro zawod\u00f3w"},"content":{"rendered":"\n<p>Do biura zawod\u00f3w zapraszamy tym razem tylko i wy\u0142\u0105cznie w <mark style=\"background-color:rgba(0, 0, 0, 0)\" class=\"has-inline-color has-vivid-red-color\"><strong>niedziel\u0119<\/strong> <\/mark>do centrum zawod\u00f3w w Szkole przy alei Modrzewiowej. Biuro zawod\u00f3w przy ul. Podchor\u0105\u017cych b\u0119dzie nieczynne.<\/p>\n\n\n\n<p>Godziny otwarcia biura zawod\u00f3w:<\/p>\n\n\n\n<p>niedziela (5.03)\u00a0\u2013 Centrum zawod\u00f3w, Szko\u0142a Podstawowa nr 72,\u00a0<strong>aleja Modrzewiowa 23<\/strong>\u00a0(50.064087, 19.865940)\u00a0<strong>8:00 \u2013 do ko\u0144ca zawod\u00f3w<\/strong><\/p>\n\n\n\n<figure class=\"wp-block-image alignleft is-resized\"><img loading=\"lazy\" decoding=\"async\" src=\"https:\/\/krakowbiega.pl\/wp-content\/uploads\/2022\/10\/Projekt-bez-tytulu-1-2.png\" alt=\"\" class=\"wp-image-9592\" width=\"500\" height=\"500\" srcset=\"https:\/\/krakowbiega.pl\/wp-content\/uploads\/2022\/10\/Projekt-bez-tytulu-1-2.png 750w, https:\/\/krakowbiega.pl\/wp-content\/uploads\/2022\/10\/Projekt-bez-tytulu-1-2-300x300.png 300w, https:\/\/krakowbiega.pl\/wp-content\/uploads\/2022\/10\/Projekt-bez-tytulu-1-2-150x150.png 150w, https:\/\/krakowbiega.pl\/wp-content\/uploads\/2022\/10\/Projekt-bez-tytulu-1-2-600x600.png 600w\" sizes=\"auto, (max-width: 500px) 100vw, 500px\" \/><\/figure>\n","protected":false},"excerpt":{"rendered":"<p>Do biura zawod\u00f3w zapraszamy tym razem tylko i wy\u0142\u0105cznie w niedziel\u0119 do centrum zawod\u00f3w w Szkole przy alei Modrzewiowej. Biuro [&hellip;]<\/p>\n","protected":false},"author":2,"featured_media":0,"parent":0,"menu_order":0,"comment_status":"closed","ping_status":"closed","template":"","meta":{"_uag_custom_page_level_css":"","site-sidebar-layout":"default","site-content-layout":"","ast-site-content-layout":"default","site-content-style":"default","site-sidebar-style":"default","ast-global-header-display":"","ast-banner-title-visibility":"","ast-main-header-display":"","ast-hfb-above-header-display":"","ast-hfb-below-header-display":"","ast-hfb-mobile-header-display":"","site-post-title":"","ast-breadcrumbs-content":"","ast-featured-img":"","footer-sml-layout":"","ast-disable-related-posts":"","theme-transparent-header-meta":"","adv-header-id-meta":"","stick-header-meta":"","header-above-stick-meta":"","header-main-stick-meta":"","header-below-stick-meta":"","astra-migrate-meta-layouts":"default","ast-page-background-enabled":"default","ast-page-background-meta":{"desktop":{"background-color":"var(--ast-global-color-4)","background-image":"","background-repeat":"repeat","background-position":"center center","background-size":"auto","background-attachment":"scroll","background-type":"","background-media":"","overlay-type":"","overlay-color":"","overlay-opacity":"","overlay-gradient":""},"tablet":{"background-color":"","background-image":"","background-repeat":"repeat","background-position":"center center","background-size":"auto","background-attachment":"scroll","background-type":"","background-media":"","overlay-type":"","overlay-color":"","overlay-opacity":"","overlay-gradient":""},"mobile":{"background-color":"","background-image":"","background-repeat":"repeat","background-position":"center center","background-size":"auto","background-attachment":"scroll","background-type":"","background-media":"","overlay-type":"","overlay-color":"","overlay-opacity":"","overlay-gradient":""}},"ast-content-background-meta":{"desktop":{"background-color":"var(--ast-global-color-5)","background-image":"","background-repeat":"repeat","background-position":"center center","background-size":"auto","background-attachment":"scroll","background-type":"","background-media":"","overlay-type":"","overlay-color":"","overlay-opacity":"","overlay-gradient":""},"tablet":{"background-color":"var(--ast-global-color-5)","background-image":"","background-repeat":"repeat","background-position":"center center","background-size":"auto","background-attachment":"scroll","background-type":"","background-media":"","overlay-type":"","overlay-color":"","overlay-opacity":"","overlay-gradient":""},"mobile":{"background-color":"var(--ast-global-color-5)","background-image":"","background-repeat":"repeat","background-position":"center center","background-size":"auto","background-attachment":"scroll","background-type":"","background-media":"","overlay-type":"","overlay-color":"","overlay-opacity":"","overlay-gradient":""}},"footnotes":""},"class_list":["post-9250","page","type-page","status-publish","hentry"],"uagb_featured_image_src":{"full":false,"thumbnail":false,"medium":false,"medium_large":false,"large":false,"1536x1536":false,"2048x2048":false,"New Image Size":false},"uagb_author_info":{"display_name":"M.Garbacik","author_link":"https:\/\/krakowbiega.pl\/?author=2"},"uagb_comment_info":0,"uagb_excerpt":"Do biura zawod\u00f3w zapraszamy tym razem tylko i wy\u0142\u0105cznie w niedziel\u0119 do centrum zawod\u00f3w w Szkole przy alei Modrzewiowej. Biuro [&hellip;]","_links":{"self":[{"href":"https:\/\/krakowbiega.pl\/index.php?rest_route=\/wp\/v2\/pages\/9250","targetHints":{"allow":["GET"]}}],"collection":[{"href":"https:\/\/krakowbiega.pl\/index.php?rest_route=\/wp\/v2\/pages"}],"about":[{"href":"https:\/\/krakowbiega.pl\/index.php?rest_route=\/wp\/v2\/types\/page"}],"author":[{"embeddable":true,"href":"https:\/\/krakowbiega.pl\/index.php?rest_route=\/wp\/v2\/users\/2"}],"replies":[{"embeddable":true,"href":"https:\/\/krakowbiega.pl\/index.php?rest_route=%2Fwp%2Fv2%2Fcomments&post=9250"}],"version-history":[{"count":13,"href":"https:\/\/krakowbiega.pl\/index.php?rest_route=\/wp\/v2\/pages\/9250\/revisions"}],"predecessor-version":[{"id":13616,"href":"https:\/\/krakowbiega.pl\/index.php?rest_route=\/wp\/v2\/pages\/9250\/revisions\/13616"}],"wp:attachment":[{"href":"https:\/\/krakowbiega.pl\/index.php?rest_route=%2Fwp%2Fv2%2Fmedia&parent=9250"}],"curies":[{"name":"wp","href":"https:\/\/api.w.org\/{rel}","templated":true}]}}